{"id":4107,"date":"2022-12-14T01:37:02","date_gmt":"2022-12-14T01:37:02","guid":{"rendered":"https:\/\/luminos.com.mx\/blog\/?page_id=4107"},"modified":"2022-12-14T01:45:29","modified_gmt":"2022-12-14T01:45:29","slug":"descarga-la-plantilla-para-medir-tu-funnel-de-conversion","status":"publish","type":"page","link":"https:\/\/luminos.com.mx\/blog\/descarga-la-plantilla-para-medir-tu-funnel-de-conversion\/","title":{"rendered":"Descarga la plantilla para medir tu funnel de conversi\u00f3n"},"content":{"rendered":"<p>[vc_row][vc_column width=&#8221;1\/2&#8243;][ct_heading text=&#8221;YA CASI ES TUYA&#8221; font_weight=&#8221;&#8221;][vc_empty_space][vc_column_text]<strong>\u00bfListo para medir el rendimiento de tu funnel y conversiones?<\/strong><\/p>\n<p>Descarga la gu\u00eda ahora y no dejes ning\u00fan paso sin medir<\/p>\n<p>Conocer\u00e1s tu costo por adquisici\u00f3n mensual, separando por canales de contacto, tu ROI (Retorrno sobre tu inversi\u00f3n) y por ende a determinar d\u00f3nde necesitas fortalecer tus esfuerzos.[\/vc_column_text][\/vc_column][vc_column width=&#8221;1\/2&#8243;][ct_heading text=&#8221;DESCARGA LA PLANTILLA DE EXCEL AHORA&#8221; font_weight=&#8221;&#8221; subtitle=&#8221;LLENA EL FORMULARIO Y DESCARGA AHORA&#8221;][vc_raw_html]JTNDc2NyaXB0JTIwY2hhcnNldCUzRCUyMnV0Zi04JTIyJTIwdHlwZSUzRCUyMnRleHQlMkZqYXZhc2NyaXB0JTIyJTIwc3JjJTNEJTIyJTJGJTJGanMuaHNmb3Jtcy5uZXQlMkZmb3JtcyUyRmVtYmVkJTJGdjIuanMlMjIlM0UlM0MlMkZzY3JpcHQlM0UlMEElM0NzY3JpcHQlM0UlMEElMjAlMjBoYnNwdC5mb3Jtcy5jcmVhdGUlMjglN0IlMEElMjAlMjAlMjAlMjByZWdpb24lM0ElMjAlMjJuYTElMjIlMkMlMEElMjAlMjAlMjAlMjBwb3J0YWxJZCUzQSUyMCUyMjE5MzA3NzElMjIlMkMlMEElMjAlMjAlMjAlMjBmb3JtSWQlM0ElMjAlMjIyZDIwZjFjZS00OWU2LTQxN2ItYjE2My0yZmU1MzcyMzBiNGUlMjIlMEElMjAlMjAlN0QlMjklM0IlMEElM0MlMkZzY3JpcHQlM0U=[\/vc_raw_html][\/vc_column][\/vc_row]<\/p>\n","protected":false},"excerpt":{"rendered":"<p>[vc_row][vc_column width=&#8221;1\/2&#8243;][ct_heading text=&#8221;YA CASI ES TUYA&#8221; font_weight=&#8221;&#8221;][vc_empty_space][vc_column_text]\u00bfListo para medir el rendimiento de tu funnel y conversiones? Descarga la gu\u00eda ahora y no dejes ning\u00fan paso sin medir Conocer\u00e1s tu costo por adquisici\u00f3n mensual, separando por canales de contacto, tu ROI (Retorrno sobre tu inversi\u00f3n) y por ende a determinar d\u00f3nde necesitas fortalecer tus esfuerzos.[\/vc_column_text][\/vc_column][vc_column width=&#8221;1\/2&#8243;][ct_heading [&hellip;]<\/p>\n","protected":false},"author":1,"featured_media":4096,"parent":0,"menu_order":0,"comment_status":"closed","ping_status":"closed","template":"","meta":{"content-type":"","footnotes":""},"class_list":["post-4107","page","type-page","status-publish","has-post-thumbnail","hentry"],"yoast_head":"<!-- This site is optimized with the Yoast SEO plugin v25.9 - https:\/\/yoast.com\/wordpress\/plugins\/seo\/ -->\n<title>Descarga la plantilla para medir tu funnel de conversi\u00f3n &#187; L\u00faminos Marketing<\/title>\n<meta name=\"robots\" content=\"index, follow, max-snippet:-1, max-image-preview:large, max-video-preview:-1\" \/>\n<link rel=\"canonical\" href=\"https:\/\/luminos.com.mx\/blog\/descarga-la-plantilla-para-medir-tu-funnel-de-conversion\/\" \/>\n<meta property=\"og:locale\" content=\"es_MX\" \/>\n<meta property=\"og:type\" content=\"article\" \/>\n<meta property=\"og:title\" content=\"Descarga la plantilla para medir tu funnel de conversi\u00f3n &#187; L\u00faminos Marketing\" \/>\n<meta property=\"og:description\" content=\"[vc_row][vc_column width=&#8221;1\/2&#8243;][ct_heading text=&#8221;YA CASI ES TUYA&#8221; font_weight=&#8221;&#8221;][vc_empty_space][vc_column_text]\u00bfListo para medir el rendimiento de tu funnel y conversiones? Descarga la gu\u00eda ahora y no dejes ning\u00fan paso sin medir Conocer\u00e1s tu costo por adquisici\u00f3n mensual, separando por canales de contacto, tu ROI (Retorrno sobre tu inversi\u00f3n) y por ende a determinar d\u00f3nde necesitas fortalecer tus esfuerzos.[\/vc_column_text][\/vc_column][vc_column width=&#8221;1\/2&#8243;][ct_heading [&hellip;]\" \/>\n<meta property=\"og:url\" content=\"https:\/\/luminos.com.mx\/blog\/descarga-la-plantilla-para-medir-tu-funnel-de-conversion\/\" \/>\n<meta property=\"og:site_name\" content=\"L\u00faminos Marketing\" \/>\n<meta property=\"article:publisher\" content=\"https:\/\/www.facebook.com\/luminosmkt\/\" \/>\n<meta property=\"article:modified_time\" content=\"2022-12-14T01:45:29+00:00\" \/>\n<meta property=\"og:image\" content=\"https:\/\/luminos.com.mx\/blog\/wp-content\/uploads\/2022\/12\/como-medir-mi-proceso-comercial.png\" \/>\n\t<meta property=\"og:image:width\" content=\"1920\" \/>\n\t<meta property=\"og:image:height\" content=\"1080\" \/>\n\t<meta property=\"og:image:type\" content=\"image\/png\" \/>\n<meta name=\"twitter:card\" content=\"summary_large_image\" \/>\n<meta name=\"twitter:site\" content=\"@luminosmkt\" \/>\n<meta name=\"twitter:label1\" content=\"Tiempo de lectura\" \/>\n\t<meta name=\"twitter:data1\" content=\"1 minuto\" \/>\n<script type=\"application\/ld+json\" class=\"yoast-schema-graph\">{\"@context\":\"https:\/\/schema.org\",\"@graph\":[{\"@type\":\"WebPage\",\"@id\":\"https:\/\/luminos.com.mx\/blog\/descarga-la-plantilla-para-medir-tu-funnel-de-conversion\/\",\"url\":\"https:\/\/luminos.com.mx\/blog\/descarga-la-plantilla-para-medir-tu-funnel-de-conversion\/\",\"name\":\"Descarga la plantilla para medir tu funnel de conversi\u00f3n &#187; L\u00faminos Marketing\",\"isPartOf\":{\"@id\":\"https:\/\/luminos.com.mx\/blog\/#website\"},\"primaryImageOfPage\":{\"@id\":\"https:\/\/luminos.com.mx\/blog\/descarga-la-plantilla-para-medir-tu-funnel-de-conversion\/#primaryimage\"},\"image\":{\"@id\":\"https:\/\/luminos.com.mx\/blog\/descarga-la-plantilla-para-medir-tu-funnel-de-conversion\/#primaryimage\"},\"thumbnailUrl\":\"https:\/\/luminos.com.mx\/blog\/wp-content\/uploads\/2022\/12\/como-medir-mi-proceso-comercial.png\",\"datePublished\":\"2022-12-14T01:37:02+00:00\",\"dateModified\":\"2022-12-14T01:45:29+00:00\",\"breadcrumb\":{\"@id\":\"https:\/\/luminos.com.mx\/blog\/descarga-la-plantilla-para-medir-tu-funnel-de-conversion\/#breadcrumb\"},\"inLanguage\":\"es\",\"potentialAction\":[{\"@type\":\"ReadAction\",\"target\":[\"https:\/\/luminos.com.mx\/blog\/descarga-la-plantilla-para-medir-tu-funnel-de-conversion\/\"]}]},{\"@type\":\"ImageObject\",\"inLanguage\":\"es\",\"@id\":\"https:\/\/luminos.com.mx\/blog\/descarga-la-plantilla-para-medir-tu-funnel-de-conversion\/#primaryimage\",\"url\":\"https:\/\/luminos.com.mx\/blog\/wp-content\/uploads\/2022\/12\/como-medir-mi-proceso-comercial.png\",\"contentUrl\":\"https:\/\/luminos.com.mx\/blog\/wp-content\/uploads\/2022\/12\/como-medir-mi-proceso-comercial.png\",\"width\":1920,\"height\":1080},{\"@type\":\"BreadcrumbList\",\"@id\":\"https:\/\/luminos.com.mx\/blog\/descarga-la-plantilla-para-medir-tu-funnel-de-conversion\/#breadcrumb\",\"itemListElement\":[{\"@type\":\"ListItem\",\"position\":1,\"name\":\"Inicio\",\"item\":\"https:\/\/luminos.com.mx\/blog\/\"},{\"@type\":\"ListItem\",\"position\":2,\"name\":\"Descarga la plantilla para medir tu funnel de conversi\u00f3n\"}]},{\"@type\":\"WebSite\",\"@id\":\"https:\/\/luminos.com.mx\/blog\/#website\",\"url\":\"https:\/\/luminos.com.mx\/blog\/\",\"name\":\"L\u00faminos Marketing\",\"description\":\"Soluciones Integrales de Mercadotecnia\",\"publisher\":{\"@id\":\"https:\/\/luminos.com.mx\/blog\/#organization\"},\"potentialAction\":[{\"@type\":\"SearchAction\",\"target\":{\"@type\":\"EntryPoint\",\"urlTemplate\":\"https:\/\/luminos.com.mx\/blog\/?s={search_term_string}\"},\"query-input\":{\"@type\":\"PropertyValueSpecification\",\"valueRequired\":true,\"valueName\":\"search_term_string\"}}],\"inLanguage\":\"es\"},{\"@type\":\"Organization\",\"@id\":\"https:\/\/luminos.com.mx\/blog\/#organization\",\"name\":\"L\u00faminos Marketing\",\"url\":\"https:\/\/luminos.com.mx\/blog\/\",\"logo\":{\"@type\":\"ImageObject\",\"inLanguage\":\"es\",\"@id\":\"https:\/\/luminos.com.mx\/blog\/#\/schema\/logo\/image\/\",\"url\":\"https:\/\/luminos.com.mx\/blog\/wp-content\/uploads\/2021\/01\/cropped-favicon.png\",\"contentUrl\":\"https:\/\/luminos.com.mx\/blog\/wp-content\/uploads\/2021\/01\/cropped-favicon.png\",\"width\":219,\"height\":362,\"caption\":\"L\u00faminos Marketing\"},\"image\":{\"@id\":\"https:\/\/luminos.com.mx\/blog\/#\/schema\/logo\/image\/\"},\"sameAs\":[\"https:\/\/www.facebook.com\/luminosmkt\/\",\"https:\/\/x.com\/luminosmkt\",\"https:\/\/www.behance.net\/lminosmarketing\",\"https:\/\/www.instagram.com\/luminos_marketing\/\",\"https:\/\/www.linkedin.com\/company\/1719714\/admin\/feed\/posts\/\",\"https:\/\/www.youtube.com\/channel\/UCB8El1racggeAmP8QffTWqg\"]}]}<\/script>\n<!-- \/ Yoast SEO plugin. -->","yoast_head_json":{"title":"Descarga la plantilla para medir tu funnel de conversi\u00f3n &#187; L\u00faminos Marketing","robots":{"index":"index","follow":"follow","max-snippet":"max-snippet:-1","max-image-preview":"max-image-preview:large","max-video-preview":"max-video-preview:-1"},"canonical":"https:\/\/luminos.com.mx\/blog\/descarga-la-plantilla-para-medir-tu-funnel-de-conversion\/","og_locale":"es_MX","og_type":"article","og_title":"Descarga la plantilla para medir tu funnel de conversi\u00f3n &#187; L\u00faminos Marketing","og_description":"[vc_row][vc_column width=&#8221;1\/2&#8243;][ct_heading text=&#8221;YA CASI ES TUYA&#8221; font_weight=&#8221;&#8221;][vc_empty_space][vc_column_text]\u00bfListo para medir el rendimiento de tu funnel y conversiones? Descarga la gu\u00eda ahora y no dejes ning\u00fan paso sin medir Conocer\u00e1s tu costo por adquisici\u00f3n mensual, separando por canales de contacto, tu ROI (Retorrno sobre tu inversi\u00f3n) y por ende a determinar d\u00f3nde necesitas fortalecer tus esfuerzos.[\/vc_column_text][\/vc_column][vc_column width=&#8221;1\/2&#8243;][ct_heading [&hellip;]","og_url":"https:\/\/luminos.com.mx\/blog\/descarga-la-plantilla-para-medir-tu-funnel-de-conversion\/","og_site_name":"L\u00faminos Marketing","article_publisher":"https:\/\/www.facebook.com\/luminosmkt\/","article_modified_time":"2022-12-14T01:45:29+00:00","og_image":[{"width":1920,"height":1080,"url":"https:\/\/luminos.com.mx\/blog\/wp-content\/uploads\/2022\/12\/como-medir-mi-proceso-comercial.png","type":"image\/png"}],"twitter_card":"summary_large_image","twitter_site":"@luminosmkt","twitter_misc":{"Tiempo de lectura":"1 minuto"},"schema":{"@context":"https:\/\/schema.org","@graph":[{"@type":"WebPage","@id":"https:\/\/luminos.com.mx\/blog\/descarga-la-plantilla-para-medir-tu-funnel-de-conversion\/","url":"https:\/\/luminos.com.mx\/blog\/descarga-la-plantilla-para-medir-tu-funnel-de-conversion\/","name":"Descarga la plantilla para medir tu funnel de conversi\u00f3n &#187; L\u00faminos Marketing","isPartOf":{"@id":"https:\/\/luminos.com.mx\/blog\/#website"},"primaryImageOfPage":{"@id":"https:\/\/luminos.com.mx\/blog\/descarga-la-plantilla-para-medir-tu-funnel-de-conversion\/#primaryimage"},"image":{"@id":"https:\/\/luminos.com.mx\/blog\/descarga-la-plantilla-para-medir-tu-funnel-de-conversion\/#primaryimage"},"thumbnailUrl":"https:\/\/luminos.com.mx\/blog\/wp-content\/uploads\/2022\/12\/como-medir-mi-proceso-comercial.png","datePublished":"2022-12-14T01:37:02+00:00","dateModified":"2022-12-14T01:45:29+00:00","breadcrumb":{"@id":"https:\/\/luminos.com.mx\/blog\/descarga-la-plantilla-para-medir-tu-funnel-de-conversion\/#breadcrumb"},"inLanguage":"es","potentialAction":[{"@type":"ReadAction","target":["https:\/\/luminos.com.mx\/blog\/descarga-la-plantilla-para-medir-tu-funnel-de-conversion\/"]}]},{"@type":"ImageObject","inLanguage":"es","@id":"https:\/\/luminos.com.mx\/blog\/descarga-la-plantilla-para-medir-tu-funnel-de-conversion\/#primaryimage","url":"https:\/\/luminos.com.mx\/blog\/wp-content\/uploads\/2022\/12\/como-medir-mi-proceso-comercial.png","contentUrl":"https:\/\/luminos.com.mx\/blog\/wp-content\/uploads\/2022\/12\/como-medir-mi-proceso-comercial.png","width":1920,"height":1080},{"@type":"BreadcrumbList","@id":"https:\/\/luminos.com.mx\/blog\/descarga-la-plantilla-para-medir-tu-funnel-de-conversion\/#breadcrumb","itemListElement":[{"@type":"ListItem","position":1,"name":"Inicio","item":"https:\/\/luminos.com.mx\/blog\/"},{"@type":"ListItem","position":2,"name":"Descarga la plantilla para medir tu funnel de conversi\u00f3n"}]},{"@type":"WebSite","@id":"https:\/\/luminos.com.mx\/blog\/#website","url":"https:\/\/luminos.com.mx\/blog\/","name":"L\u00faminos Marketing","description":"Soluciones Integrales de Mercadotecnia","publisher":{"@id":"https:\/\/luminos.com.mx\/blog\/#organization"},"potentialAction":[{"@type":"SearchAction","target":{"@type":"EntryPoint","urlTemplate":"https:\/\/luminos.com.mx\/blog\/?s={search_term_string}"},"query-input":{"@type":"PropertyValueSpecification","valueRequired":true,"valueName":"search_term_string"}}],"inLanguage":"es"},{"@type":"Organization","@id":"https:\/\/luminos.com.mx\/blog\/#organization","name":"L\u00faminos Marketing","url":"https:\/\/luminos.com.mx\/blog\/","logo":{"@type":"ImageObject","inLanguage":"es","@id":"https:\/\/luminos.com.mx\/blog\/#\/schema\/logo\/image\/","url":"https:\/\/luminos.com.mx\/blog\/wp-content\/uploads\/2021\/01\/cropped-favicon.png","contentUrl":"https:\/\/luminos.com.mx\/blog\/wp-content\/uploads\/2021\/01\/cropped-favicon.png","width":219,"height":362,"caption":"L\u00faminos Marketing"},"image":{"@id":"https:\/\/luminos.com.mx\/blog\/#\/schema\/logo\/image\/"},"sameAs":["https:\/\/www.facebook.com\/luminosmkt\/","https:\/\/x.com\/luminosmkt","https:\/\/www.behance.net\/lminosmarketing","https:\/\/www.instagram.com\/luminos_marketing\/","https:\/\/www.linkedin.com\/company\/1719714\/admin\/feed\/posts\/","https:\/\/www.youtube.com\/channel\/UCB8El1racggeAmP8QffTWqg"]}]}},"_links":{"self":[{"href":"https:\/\/luminos.com.mx\/blog\/wp-json\/wp\/v2\/pages\/4107","targetHints":{"allow":["GET"]}}],"collection":[{"href":"https:\/\/luminos.com.mx\/blog\/wp-json\/wp\/v2\/pages"}],"about":[{"href":"https:\/\/luminos.com.mx\/blog\/wp-json\/wp\/v2\/types\/page"}],"author":[{"embeddable":true,"href":"https:\/\/luminos.com.mx\/blog\/wp-json\/wp\/v2\/users\/1"}],"replies":[{"embeddable":true,"href":"https:\/\/luminos.com.mx\/blog\/wp-json\/wp\/v2\/comments?post=4107"}],"version-history":[{"count":2,"href":"https:\/\/luminos.com.mx\/blog\/wp-json\/wp\/v2\/pages\/4107\/revisions"}],"predecessor-version":[{"id":4114,"href":"https:\/\/luminos.com.mx\/blog\/wp-json\/wp\/v2\/pages\/4107\/revisions\/4114"}],"wp:featuredmedia":[{"embeddable":true,"href":"https:\/\/luminos.com.mx\/blog\/wp-json\/wp\/v2\/media\/4096"}],"wp:attachment":[{"href":"https:\/\/luminos.com.mx\/blog\/wp-json\/wp\/v2\/media?parent=4107"}],"curies":[{"name":"wp","href":"https:\/\/api.w.org\/{rel}","templated":true}]}}