{"id":4101,"date":"2022-12-14T01:20:01","date_gmt":"2022-12-14T01:20:01","guid":{"rendered":"https:\/\/luminos.com.mx\/blog\/?page_id=4101"},"modified":"2022-12-14T01:48:41","modified_gmt":"2022-12-14T01:48:41","slug":"descarga-el-ejemplo-para-determinar-metas-de-ventas-presupuesto-para-marketing-y-de-tus-campanas","status":"publish","type":"page","link":"https:\/\/luminos.com.mx\/blog\/descarga-el-ejemplo-para-determinar-metas-de-ventas-presupuesto-para-marketing-y-de-tus-campanas\/","title":{"rendered":"Descarga el ejemplo para determinar metas de ventas, presupuesto para marketing y de tus campa\u00f1as"},"content":{"rendered":"<p>[vc_row][vc_column width=&#8221;1\/2&#8243;][ct_heading text=&#8221;YA CASI ES TUYO&#8221; font_weight=&#8221;&#8221;][vc_empty_space][vc_column_text]<strong>\u00bfListo para tener claras tus metas y tus presupuestos de marketing?<\/strong><\/p>\n<p>Descarga este ejemplo\u00a0 y determina informaci\u00f3n clave para tus esfuerzos comerciales:<\/p>\n<ul>\n<li>Hist\u00f3rico de ventas<\/li>\n<li>Naturaleza de tus ventas<\/li>\n<li>\u00cdndice de crecimiento mensual &#8211; anual<\/li>\n<li>venta nueva proyectada<\/li>\n<li>Presupuesto de marketing y de campa\u00f1as<\/li>\n<\/ul>\n<p>[\/vc_column_text][\/vc_column][vc_column width=&#8221;1\/2&#8243;][ct_heading text=&#8221;DESCARGAR EL ARCHIVO DE EXCEL AHORA&#8221; font_weight=&#8221;&#8221;][vc_raw_html]JTNDc2NyaXB0JTIwY2hhcnNldCUzRCUyMnV0Zi04JTIyJTIwdHlwZSUzRCUyMnRleHQlMkZqYXZhc2NyaXB0JTIyJTIwc3JjJTNEJTIyJTJGJTJGanMuaHNmb3Jtcy5uZXQlMkZmb3JtcyUyRmVtYmVkJTJGdjIuanMlMjIlM0UlM0MlMkZzY3JpcHQlM0UlMEElM0NzY3JpcHQlM0UlMEElMjAlMjBoYnNwdC5mb3Jtcy5jcmVhdGUlMjglN0IlMEElMjAlMjAlMjAlMjByZWdpb24lM0ElMjAlMjJuYTElMjIlMkMlMEElMjAlMjAlMjAlMjBwb3J0YWxJZCUzQSUyMCUyMjE5MzA3NzElMjIlMkMlMEElMjAlMjAlMjAlMjBmb3JtSWQlM0ElMjAlMjI2NjkzZjY5NC0wZjdiLTQ4ZTctYTRlOS02MGZmYmQwMmE1Y2ElMjIlMEElMjAlMjAlN0QlMjklM0IlMEElM0MlMkZzY3JpcHQlM0U=[\/vc_raw_html][\/vc_column][\/vc_row][vc_row][vc_column][vc_raw_html]JTNDaWZyYW1lJTIwd2lkdGglM0QlMjIxMDAlMjUlMjIlMjBoZWlnaHQlM0QlMjIzMTUlMjIlMjBzcmMlM0QlMjJodHRwcyUzQSUyRiUyRnd3dy55b3V0dWJlLmNvbSUyRmVtYmVkJTJGdEN5c0J4cjZnLUElMjIlMjB0aXRsZSUzRCUyMllvdVR1YmUlMjB2aWRlbyUyMHBsYXllciUyMiUyMGZyYW1lYm9yZGVyJTNEJTIyMCUyMiUyMGFsbG93JTNEJTIyYWNjZWxlcm9tZXRlciUzQiUyMGF1dG9wbGF5JTNCJTIwY2xpcGJvYXJkLXdyaXRlJTNCJTIwZW5jcnlwdGVkLW1lZGlhJTNCJTIwZ3lyb3Njb3BlJTNCJTIwcGljdHVyZS1pbi1waWN0dXJlJTIyJTIwYWxsb3dmdWxsc2NyZWVuJTNFJTNDJTJGaWZyYW1lJTNF[\/vc_raw_html][\/vc_column][\/vc_row]<\/p>\n","protected":false},"excerpt":{"rendered":"<p>[vc_row][vc_column width=&#8221;1\/2&#8243;][ct_heading text=&#8221;YA CASI ES TUYO&#8221; font_weight=&#8221;&#8221;][vc_empty_space][vc_column_text]\u00bfListo para tener claras tus metas y tus presupuestos de marketing? Descarga este ejemplo\u00a0 y determina informaci\u00f3n clave para tus esfuerzos comerciales: Hist\u00f3rico de ventas Naturaleza de tus ventas \u00cdndice de crecimiento mensual &#8211; anual venta nueva proyectada Presupuesto de marketing y de campa\u00f1as [\/vc_column_text][\/vc_column][vc_column width=&#8221;1\/2&#8243;][ct_heading text=&#8221;DESCARGAR EL ARCHIVO [&hellip;]<\/p>\n","protected":false},"author":1,"featured_media":4102,"parent":0,"menu_order":0,"comment_status":"closed","ping_status":"closed","template":"","meta":{"content-type":"","footnotes":""},"class_list":["post-4101","page","type-page","status-publish","has-post-thumbnail","hentry"],"yoast_head":"<!-- This site is optimized with the Yoast SEO plugin v25.9 - https:\/\/yoast.com\/wordpress\/plugins\/seo\/ -->\n<title>Descarga el ejemplo para determinar metas de ventas, presupuesto para marketing y de tus campa\u00f1as &#187; L\u00faminos Marketing<\/title>\n<meta name=\"robots\" content=\"index, follow, max-snippet:-1, max-image-preview:large, max-video-preview:-1\" \/>\n<link rel=\"canonical\" href=\"https:\/\/luminos.com.mx\/blog\/descarga-el-ejemplo-para-determinar-metas-de-ventas-presupuesto-para-marketing-y-de-tus-campanas\/\" \/>\n<meta property=\"og:locale\" content=\"es_MX\" \/>\n<meta property=\"og:type\" content=\"article\" \/>\n<meta property=\"og:title\" content=\"Descarga el ejemplo para determinar metas de ventas, presupuesto para marketing y de tus campa\u00f1as &#187; L\u00faminos Marketing\" \/>\n<meta property=\"og:description\" content=\"[vc_row][vc_column width=&#8221;1\/2&#8243;][ct_heading text=&#8221;YA CASI ES TUYO&#8221; font_weight=&#8221;&#8221;][vc_empty_space][vc_column_text]\u00bfListo para tener claras tus metas y tus presupuestos de marketing? Descarga este ejemplo\u00a0 y determina informaci\u00f3n clave para tus esfuerzos comerciales: Hist\u00f3rico de ventas Naturaleza de tus ventas \u00cdndice de crecimiento mensual &#8211; anual venta nueva proyectada Presupuesto de marketing y de campa\u00f1as [\/vc_column_text][\/vc_column][vc_column width=&#8221;1\/2&#8243;][ct_heading text=&#8221;DESCARGAR EL ARCHIVO [&hellip;]\" \/>\n<meta property=\"og:url\" content=\"https:\/\/luminos.com.mx\/blog\/descarga-el-ejemplo-para-determinar-metas-de-ventas-presupuesto-para-marketing-y-de-tus-campanas\/\" \/>\n<meta property=\"og:site_name\" content=\"L\u00faminos Marketing\" \/>\n<meta property=\"article:publisher\" content=\"https:\/\/www.facebook.com\/luminosmkt\/\" \/>\n<meta property=\"article:modified_time\" content=\"2022-12-14T01:48:41+00:00\" \/>\n<meta property=\"og:image\" content=\"https:\/\/luminos.com.mx\/blog\/wp-content\/uploads\/2022\/12\/define-tu-presupuesto.png\" \/>\n\t<meta property=\"og:image:width\" content=\"1200\" \/>\n\t<meta property=\"og:image:height\" content=\"628\" \/>\n\t<meta property=\"og:image:type\" content=\"image\/png\" \/>\n<meta name=\"twitter:card\" content=\"summary_large_image\" \/>\n<meta name=\"twitter:site\" content=\"@luminosmkt\" \/>\n<meta name=\"twitter:label1\" content=\"Tiempo de lectura\" \/>\n\t<meta name=\"twitter:data1\" content=\"1 minuto\" \/>\n<script type=\"application\/ld+json\" class=\"yoast-schema-graph\">{\"@context\":\"https:\/\/schema.org\",\"@graph\":[{\"@type\":\"WebPage\",\"@id\":\"https:\/\/luminos.com.mx\/blog\/descarga-el-ejemplo-para-determinar-metas-de-ventas-presupuesto-para-marketing-y-de-tus-campanas\/\",\"url\":\"https:\/\/luminos.com.mx\/blog\/descarga-el-ejemplo-para-determinar-metas-de-ventas-presupuesto-para-marketing-y-de-tus-campanas\/\",\"name\":\"Descarga el ejemplo para determinar metas de ventas, presupuesto para marketing y de tus campa\u00f1as &#187; L\u00faminos Marketing\",\"isPartOf\":{\"@id\":\"https:\/\/luminos.com.mx\/blog\/#website\"},\"primaryImageOfPage\":{\"@id\":\"https:\/\/luminos.com.mx\/blog\/descarga-el-ejemplo-para-determinar-metas-de-ventas-presupuesto-para-marketing-y-de-tus-campanas\/#primaryimage\"},\"image\":{\"@id\":\"https:\/\/luminos.com.mx\/blog\/descarga-el-ejemplo-para-determinar-metas-de-ventas-presupuesto-para-marketing-y-de-tus-campanas\/#primaryimage\"},\"thumbnailUrl\":\"https:\/\/luminos.com.mx\/blog\/wp-content\/uploads\/2022\/12\/define-tu-presupuesto.png\",\"datePublished\":\"2022-12-14T01:20:01+00:00\",\"dateModified\":\"2022-12-14T01:48:41+00:00\",\"breadcrumb\":{\"@id\":\"https:\/\/luminos.com.mx\/blog\/descarga-el-ejemplo-para-determinar-metas-de-ventas-presupuesto-para-marketing-y-de-tus-campanas\/#breadcrumb\"},\"inLanguage\":\"es\",\"potentialAction\":[{\"@type\":\"ReadAction\",\"target\":[\"https:\/\/luminos.com.mx\/blog\/descarga-el-ejemplo-para-determinar-metas-de-ventas-presupuesto-para-marketing-y-de-tus-campanas\/\"]}]},{\"@type\":\"ImageObject\",\"inLanguage\":\"es\",\"@id\":\"https:\/\/luminos.com.mx\/blog\/descarga-el-ejemplo-para-determinar-metas-de-ventas-presupuesto-para-marketing-y-de-tus-campanas\/#primaryimage\",\"url\":\"https:\/\/luminos.com.mx\/blog\/wp-content\/uploads\/2022\/12\/define-tu-presupuesto.png\",\"contentUrl\":\"https:\/\/luminos.com.mx\/blog\/wp-content\/uploads\/2022\/12\/define-tu-presupuesto.png\",\"width\":1200,\"height\":628},{\"@type\":\"BreadcrumbList\",\"@id\":\"https:\/\/luminos.com.mx\/blog\/descarga-el-ejemplo-para-determinar-metas-de-ventas-presupuesto-para-marketing-y-de-tus-campanas\/#breadcrumb\",\"itemListElement\":[{\"@type\":\"ListItem\",\"position\":1,\"name\":\"Inicio\",\"item\":\"https:\/\/luminos.com.mx\/blog\/\"},{\"@type\":\"ListItem\",\"position\":2,\"name\":\"Descarga el ejemplo para determinar metas de ventas, presupuesto para marketing y de tus campa\u00f1as\"}]},{\"@type\":\"WebSite\",\"@id\":\"https:\/\/luminos.com.mx\/blog\/#website\",\"url\":\"https:\/\/luminos.com.mx\/blog\/\",\"name\":\"L\u00faminos Marketing\",\"description\":\"Soluciones Integrales de Mercadotecnia\",\"publisher\":{\"@id\":\"https:\/\/luminos.com.mx\/blog\/#organization\"},\"potentialAction\":[{\"@type\":\"SearchAction\",\"target\":{\"@type\":\"EntryPoint\",\"urlTemplate\":\"https:\/\/luminos.com.mx\/blog\/?s={search_term_string}\"},\"query-input\":{\"@type\":\"PropertyValueSpecification\",\"valueRequired\":true,\"valueName\":\"search_term_string\"}}],\"inLanguage\":\"es\"},{\"@type\":\"Organization\",\"@id\":\"https:\/\/luminos.com.mx\/blog\/#organization\",\"name\":\"L\u00faminos Marketing\",\"url\":\"https:\/\/luminos.com.mx\/blog\/\",\"logo\":{\"@type\":\"ImageObject\",\"inLanguage\":\"es\",\"@id\":\"https:\/\/luminos.com.mx\/blog\/#\/schema\/logo\/image\/\",\"url\":\"https:\/\/luminos.com.mx\/blog\/wp-content\/uploads\/2021\/01\/cropped-favicon.png\",\"contentUrl\":\"https:\/\/luminos.com.mx\/blog\/wp-content\/uploads\/2021\/01\/cropped-favicon.png\",\"width\":219,\"height\":362,\"caption\":\"L\u00faminos Marketing\"},\"image\":{\"@id\":\"https:\/\/luminos.com.mx\/blog\/#\/schema\/logo\/image\/\"},\"sameAs\":[\"https:\/\/www.facebook.com\/luminosmkt\/\",\"https:\/\/x.com\/luminosmkt\",\"https:\/\/www.behance.net\/lminosmarketing\",\"https:\/\/www.instagram.com\/luminos_marketing\/\",\"https:\/\/www.linkedin.com\/company\/1719714\/admin\/feed\/posts\/\",\"https:\/\/www.youtube.com\/channel\/UCB8El1racggeAmP8QffTWqg\"]}]}<\/script>\n<!-- \/ Yoast SEO plugin. -->","yoast_head_json":{"title":"Descarga el ejemplo para determinar metas de ventas, presupuesto para marketing y de tus campa\u00f1as &#187; L\u00faminos Marketing","robots":{"index":"index","follow":"follow","max-snippet":"max-snippet:-1","max-image-preview":"max-image-preview:large","max-video-preview":"max-video-preview:-1"},"canonical":"https:\/\/luminos.com.mx\/blog\/descarga-el-ejemplo-para-determinar-metas-de-ventas-presupuesto-para-marketing-y-de-tus-campanas\/","og_locale":"es_MX","og_type":"article","og_title":"Descarga el ejemplo para determinar metas de ventas, presupuesto para marketing y de tus campa\u00f1as &#187; L\u00faminos Marketing","og_description":"[vc_row][vc_column width=&#8221;1\/2&#8243;][ct_heading text=&#8221;YA CASI ES TUYO&#8221; font_weight=&#8221;&#8221;][vc_empty_space][vc_column_text]\u00bfListo para tener claras tus metas y tus presupuestos de marketing? Descarga este ejemplo\u00a0 y determina informaci\u00f3n clave para tus esfuerzos comerciales: Hist\u00f3rico de ventas Naturaleza de tus ventas \u00cdndice de crecimiento mensual &#8211; anual venta nueva proyectada Presupuesto de marketing y de campa\u00f1as [\/vc_column_text][\/vc_column][vc_column width=&#8221;1\/2&#8243;][ct_heading text=&#8221;DESCARGAR EL ARCHIVO [&hellip;]","og_url":"https:\/\/luminos.com.mx\/blog\/descarga-el-ejemplo-para-determinar-metas-de-ventas-presupuesto-para-marketing-y-de-tus-campanas\/","og_site_name":"L\u00faminos Marketing","article_publisher":"https:\/\/www.facebook.com\/luminosmkt\/","article_modified_time":"2022-12-14T01:48:41+00:00","og_image":[{"width":1200,"height":628,"url":"https:\/\/luminos.com.mx\/blog\/wp-content\/uploads\/2022\/12\/define-tu-presupuesto.png","type":"image\/png"}],"twitter_card":"summary_large_image","twitter_site":"@luminosmkt","twitter_misc":{"Tiempo de lectura":"1 minuto"},"schema":{"@context":"https:\/\/schema.org","@graph":[{"@type":"WebPage","@id":"https:\/\/luminos.com.mx\/blog\/descarga-el-ejemplo-para-determinar-metas-de-ventas-presupuesto-para-marketing-y-de-tus-campanas\/","url":"https:\/\/luminos.com.mx\/blog\/descarga-el-ejemplo-para-determinar-metas-de-ventas-presupuesto-para-marketing-y-de-tus-campanas\/","name":"Descarga el ejemplo para determinar metas de ventas, presupuesto para marketing y de tus campa\u00f1as &#187; L\u00faminos Marketing","isPartOf":{"@id":"https:\/\/luminos.com.mx\/blog\/#website"},"primaryImageOfPage":{"@id":"https:\/\/luminos.com.mx\/blog\/descarga-el-ejemplo-para-determinar-metas-de-ventas-presupuesto-para-marketing-y-de-tus-campanas\/#primaryimage"},"image":{"@id":"https:\/\/luminos.com.mx\/blog\/descarga-el-ejemplo-para-determinar-metas-de-ventas-presupuesto-para-marketing-y-de-tus-campanas\/#primaryimage"},"thumbnailUrl":"https:\/\/luminos.com.mx\/blog\/wp-content\/uploads\/2022\/12\/define-tu-presupuesto.png","datePublished":"2022-12-14T01:20:01+00:00","dateModified":"2022-12-14T01:48:41+00:00","breadcrumb":{"@id":"https:\/\/luminos.com.mx\/blog\/descarga-el-ejemplo-para-determinar-metas-de-ventas-presupuesto-para-marketing-y-de-tus-campanas\/#breadcrumb"},"inLanguage":"es","potentialAction":[{"@type":"ReadAction","target":["https:\/\/luminos.com.mx\/blog\/descarga-el-ejemplo-para-determinar-metas-de-ventas-presupuesto-para-marketing-y-de-tus-campanas\/"]}]},{"@type":"ImageObject","inLanguage":"es","@id":"https:\/\/luminos.com.mx\/blog\/descarga-el-ejemplo-para-determinar-metas-de-ventas-presupuesto-para-marketing-y-de-tus-campanas\/#primaryimage","url":"https:\/\/luminos.com.mx\/blog\/wp-content\/uploads\/2022\/12\/define-tu-presupuesto.png","contentUrl":"https:\/\/luminos.com.mx\/blog\/wp-content\/uploads\/2022\/12\/define-tu-presupuesto.png","width":1200,"height":628},{"@type":"BreadcrumbList","@id":"https:\/\/luminos.com.mx\/blog\/descarga-el-ejemplo-para-determinar-metas-de-ventas-presupuesto-para-marketing-y-de-tus-campanas\/#breadcrumb","itemListElement":[{"@type":"ListItem","position":1,"name":"Inicio","item":"https:\/\/luminos.com.mx\/blog\/"},{"@type":"ListItem","position":2,"name":"Descarga el ejemplo para determinar metas de ventas, presupuesto para marketing y de tus campa\u00f1as"}]},{"@type":"WebSite","@id":"https:\/\/luminos.com.mx\/blog\/#website","url":"https:\/\/luminos.com.mx\/blog\/","name":"L\u00faminos Marketing","description":"Soluciones Integrales de Mercadotecnia","publisher":{"@id":"https:\/\/luminos.com.mx\/blog\/#organization"},"potentialAction":[{"@type":"SearchAction","target":{"@type":"EntryPoint","urlTemplate":"https:\/\/luminos.com.mx\/blog\/?s={search_term_string}"},"query-input":{"@type":"PropertyValueSpecification","valueRequired":true,"valueName":"search_term_string"}}],"inLanguage":"es"},{"@type":"Organization","@id":"https:\/\/luminos.com.mx\/blog\/#organization","name":"L\u00faminos Marketing","url":"https:\/\/luminos.com.mx\/blog\/","logo":{"@type":"ImageObject","inLanguage":"es","@id":"https:\/\/luminos.com.mx\/blog\/#\/schema\/logo\/image\/","url":"https:\/\/luminos.com.mx\/blog\/wp-content\/uploads\/2021\/01\/cropped-favicon.png","contentUrl":"https:\/\/luminos.com.mx\/blog\/wp-content\/uploads\/2021\/01\/cropped-favicon.png","width":219,"height":362,"caption":"L\u00faminos Marketing"},"image":{"@id":"https:\/\/luminos.com.mx\/blog\/#\/schema\/logo\/image\/"},"sameAs":["https:\/\/www.facebook.com\/luminosmkt\/","https:\/\/x.com\/luminosmkt","https:\/\/www.behance.net\/lminosmarketing","https:\/\/www.instagram.com\/luminos_marketing\/","https:\/\/www.linkedin.com\/company\/1719714\/admin\/feed\/posts\/","https:\/\/www.youtube.com\/channel\/UCB8El1racggeAmP8QffTWqg"]}]}},"_links":{"self":[{"href":"https:\/\/luminos.com.mx\/blog\/wp-json\/wp\/v2\/pages\/4101","targetHints":{"allow":["GET"]}}],"collection":[{"href":"https:\/\/luminos.com.mx\/blog\/wp-json\/wp\/v2\/pages"}],"about":[{"href":"https:\/\/luminos.com.mx\/blog\/wp-json\/wp\/v2\/types\/page"}],"author":[{"embeddable":true,"href":"https:\/\/luminos.com.mx\/blog\/wp-json\/wp\/v2\/users\/1"}],"replies":[{"embeddable":true,"href":"https:\/\/luminos.com.mx\/blog\/wp-json\/wp\/v2\/comments?post=4101"}],"version-history":[{"count":5,"href":"https:\/\/luminos.com.mx\/blog\/wp-json\/wp\/v2\/pages\/4101\/revisions"}],"predecessor-version":[{"id":4118,"href":"https:\/\/luminos.com.mx\/blog\/wp-json\/wp\/v2\/pages\/4101\/revisions\/4118"}],"wp:featuredmedia":[{"embeddable":true,"href":"https:\/\/luminos.com.mx\/blog\/wp-json\/wp\/v2\/media\/4102"}],"wp:attachment":[{"href":"https:\/\/luminos.com.mx\/blog\/wp-json\/wp\/v2\/media?parent=4101"}],"curies":[{"name":"wp","href":"https:\/\/api.w.org\/{rel}","templated":true}]}}