{"id":3281,"date":"2020-09-29T21:49:57","date_gmt":"2020-09-29T21:49:57","guid":{"rendered":"https:\/\/luminos.com.mx\/marketing\/?page_id=3281"},"modified":"2021-04-14T17:32:01","modified_gmt":"2021-04-14T17:32:01","slug":"ebook-el-secreto-para-calcular-la-muestra-de-un-estudio-de-mercado-descarga-el-pdf","status":"publish","type":"page","link":"https:\/\/luminos.com.mx\/blog\/ebook-el-secreto-para-calcular-la-muestra-de-un-estudio-de-mercado-descarga-el-pdf\/","title":{"rendered":"[EBook] El secreto para calcular la muestra de un estudio de mercado. Descarga el PDF"},"content":{"rendered":"<p>[vc_row][vc_column width=&#8221;1\/2&#8243;][ct_heading text=&#8221;YA CASI ES TUYO&#8221; font_weight=&#8221;&#8221; subtitle=&#8221;DESCARGA TU EBOOK &#8220;][vc_empty_space][vc_column_text]<strong>\u00bfListo para hacer tu estudio?<\/strong><\/p>\n<p>Aqu\u00ed tienes la gu\u00eda para que obtengas la muestra estad\u00edstica confiable y real para tu investigaci\u00f3n o estudio.<\/p>\n<p><b>Descarga el PDF y comp\u00e1rtelo.<\/b><\/p>\n<p>Si tienes dudas, escr\u00edbenos a <a href=\"mailto:soluciones@luminos.com.mx\">soluciones@luminos.com.mx<\/a>[\/vc_column_text][vc_single_image image=&#8221;3264&#8243; img_size=&#8221;full&#8221;][\/vc_column][vc_column width=&#8221;1\/2&#8243;][ct_heading text=&#8221;DESCARGAR PDF AHORA&#8221; font_weight=&#8221;&#8221; subtitle=&#8221;LLENA EL FORMULARIO Y DESCARGA YA&#8221;][vc_raw_html]JTNDc2NyaXB0JTIwY2hhcnNldCUzRCUyMnV0Zi04JTIyJTIwdHlwZSUzRCUyMnRleHQlMkZqYXZhc2NyaXB0JTIyJTIwc3JjJTNEJTIyJTJGJTJGanMuaHNmb3Jtcy5uZXQlMkZmb3JtcyUyRnNoZWxsLmpzJTIyJTNFJTNDJTJGc2NyaXB0JTNFJTBBJTNDc2NyaXB0JTNFJTBBJTIwJTIwaGJzcHQuZm9ybXMuY3JlYXRlJTI4JTdCJTBBJTA5cG9ydGFsSWQlM0ElMjAlMjIxOTMwNzcxJTIyJTJDJTBBJTA5Zm9ybUlkJTNBJTIwJTIyZmZmNTM5MDAtODYyZC00NmIyLTk3NGQtYjcyOTQ5ZWIyYjA4JTIyJTBBJTdEJTI5JTNCJTBBJTNDJTJGc2NyaXB0JTNF[\/vc_raw_html][\/vc_column][\/vc_row]<\/p>\n","protected":false},"excerpt":{"rendered":"<p>[vc_row][vc_column width=&#8221;1\/2&#8243;][ct_heading text=&#8221;YA CASI ES TUYO&#8221; font_weight=&#8221;&#8221; subtitle=&#8221;DESCARGA TU EBOOK &#8220;][vc_empty_space][vc_column_text]\u00bfListo para hacer tu estudio? Aqu\u00ed tienes la gu\u00eda para que obtengas la muestra estad\u00edstica confiable y real para tu investigaci\u00f3n o estudio. Descarga el PDF y comp\u00e1rtelo. Si tienes dudas, escr\u00edbenos a soluciones@luminos.com.mx[\/vc_column_text][vc_single_image image=&#8221;3264&#8243; img_size=&#8221;full&#8221;][\/vc_column][vc_column width=&#8221;1\/2&#8243;][ct_heading text=&#8221;DESCARGAR PDF AHORA&#8221; font_weight=&#8221;&#8221; subtitle=&#8221;LLENA EL FORMULARIO Y [&hellip;]<\/p>\n","protected":false},"author":1,"featured_media":3280,"parent":0,"menu_order":0,"comment_status":"closed","ping_status":"closed","template":"","meta":{"content-type":"","footnotes":""},"class_list":["post-3281","page","type-page","status-publish","has-post-thumbnail","hentry"],"yoast_head":"<!-- This site is optimized with the Yoast SEO plugin v25.9 - https:\/\/yoast.com\/wordpress\/plugins\/seo\/ -->\n<title>[EBook] El secreto para calcular la muestra de un estudio de mercado. Descarga el PDF &#187; L\u00faminos Marketing<\/title>\n<meta name=\"robots\" content=\"index, follow, max-snippet:-1, max-image-preview:large, max-video-preview:-1\" \/>\n<link rel=\"canonical\" href=\"https:\/\/luminos.com.mx\/blog\/ebook-el-secreto-para-calcular-la-muestra-de-un-estudio-de-mercado-descarga-el-pdf\/\" \/>\n<meta property=\"og:locale\" content=\"es_MX\" \/>\n<meta property=\"og:type\" content=\"article\" \/>\n<meta property=\"og:title\" content=\"[EBook] El secreto para calcular la muestra de un estudio de mercado. Descarga el PDF &#187; L\u00faminos Marketing\" \/>\n<meta property=\"og:description\" content=\"[vc_row][vc_column width=&#8221;1\/2&#8243;][ct_heading text=&#8221;YA CASI ES TUYO&#8221; font_weight=&#8221;&#8221; subtitle=&#8221;DESCARGA TU EBOOK &#8220;][vc_empty_space][vc_column_text]\u00bfListo para hacer tu estudio? Aqu\u00ed tienes la gu\u00eda para que obtengas la muestra estad\u00edstica confiable y real para tu investigaci\u00f3n o estudio. Descarga el PDF y comp\u00e1rtelo. Si tienes dudas, escr\u00edbenos a soluciones@luminos.com.mx[\/vc_column_text][vc_single_image image=&#8221;3264&#8243; img_size=&#8221;full&#8221;][\/vc_column][vc_column width=&#8221;1\/2&#8243;][ct_heading text=&#8221;DESCARGAR PDF AHORA&#8221; font_weight=&#8221;&#8221; subtitle=&#8221;LLENA EL FORMULARIO Y [&hellip;]\" \/>\n<meta property=\"og:url\" content=\"https:\/\/luminos.com.mx\/blog\/ebook-el-secreto-para-calcular-la-muestra-de-un-estudio-de-mercado-descarga-el-pdf\/\" \/>\n<meta property=\"og:site_name\" content=\"L\u00faminos Marketing\" \/>\n<meta property=\"article:publisher\" content=\"https:\/\/www.facebook.com\/luminosmkt\/\" \/>\n<meta property=\"article:modified_time\" content=\"2021-04-14T17:32:01+00:00\" \/>\n<meta property=\"og:image\" content=\"https:\/\/luminos.com.mx\/blog\/wp-content\/uploads\/2019\/08\/descargar-ebook-el-secreto-para-obtener-la-muestra-de-un-estudio-de-mercado-luminos-marketing-investigacion-de-mercados.png\" \/>\n\t<meta property=\"og:image:width\" content=\"600\" \/>\n\t<meta property=\"og:image:height\" content=\"200\" \/>\n\t<meta property=\"og:image:type\" content=\"image\/png\" \/>\n<meta name=\"twitter:card\" content=\"summary_large_image\" \/>\n<meta name=\"twitter:site\" content=\"@luminosmkt\" \/>\n<meta name=\"twitter:label1\" content=\"Tiempo de lectura\" \/>\n\t<meta name=\"twitter:data1\" content=\"1 minuto\" \/>\n<script type=\"application\/ld+json\" class=\"yoast-schema-graph\">{\"@context\":\"https:\/\/schema.org\",\"@graph\":[{\"@type\":\"WebPage\",\"@id\":\"https:\/\/luminos.com.mx\/blog\/ebook-el-secreto-para-calcular-la-muestra-de-un-estudio-de-mercado-descarga-el-pdf\/\",\"url\":\"https:\/\/luminos.com.mx\/blog\/ebook-el-secreto-para-calcular-la-muestra-de-un-estudio-de-mercado-descarga-el-pdf\/\",\"name\":\"[EBook] El secreto para calcular la muestra de un estudio de mercado. Descarga el PDF &#187; L\u00faminos Marketing\",\"isPartOf\":{\"@id\":\"https:\/\/luminos.com.mx\/blog\/#website\"},\"primaryImageOfPage\":{\"@id\":\"https:\/\/luminos.com.mx\/blog\/ebook-el-secreto-para-calcular-la-muestra-de-un-estudio-de-mercado-descarga-el-pdf\/#primaryimage\"},\"image\":{\"@id\":\"https:\/\/luminos.com.mx\/blog\/ebook-el-secreto-para-calcular-la-muestra-de-un-estudio-de-mercado-descarga-el-pdf\/#primaryimage\"},\"thumbnailUrl\":\"https:\/\/luminos.com.mx\/blog\/wp-content\/uploads\/2019\/08\/descargar-ebook-el-secreto-para-obtener-la-muestra-de-un-estudio-de-mercado-luminos-marketing-investigacion-de-mercados.png\",\"datePublished\":\"2020-09-29T21:49:57+00:00\",\"dateModified\":\"2021-04-14T17:32:01+00:00\",\"breadcrumb\":{\"@id\":\"https:\/\/luminos.com.mx\/blog\/ebook-el-secreto-para-calcular-la-muestra-de-un-estudio-de-mercado-descarga-el-pdf\/#breadcrumb\"},\"inLanguage\":\"es\",\"potentialAction\":[{\"@type\":\"ReadAction\",\"target\":[\"https:\/\/luminos.com.mx\/blog\/ebook-el-secreto-para-calcular-la-muestra-de-un-estudio-de-mercado-descarga-el-pdf\/\"]}]},{\"@type\":\"ImageObject\",\"inLanguage\":\"es\",\"@id\":\"https:\/\/luminos.com.mx\/blog\/ebook-el-secreto-para-calcular-la-muestra-de-un-estudio-de-mercado-descarga-el-pdf\/#primaryimage\",\"url\":\"https:\/\/luminos.com.mx\/blog\/wp-content\/uploads\/2019\/08\/descargar-ebook-el-secreto-para-obtener-la-muestra-de-un-estudio-de-mercado-luminos-marketing-investigacion-de-mercados.png\",\"contentUrl\":\"https:\/\/luminos.com.mx\/blog\/wp-content\/uploads\/2019\/08\/descargar-ebook-el-secreto-para-obtener-la-muestra-de-un-estudio-de-mercado-luminos-marketing-investigacion-de-mercados.png\",\"width\":600,\"height\":200},{\"@type\":\"BreadcrumbList\",\"@id\":\"https:\/\/luminos.com.mx\/blog\/ebook-el-secreto-para-calcular-la-muestra-de-un-estudio-de-mercado-descarga-el-pdf\/#breadcrumb\",\"itemListElement\":[{\"@type\":\"ListItem\",\"position\":1,\"name\":\"Inicio\",\"item\":\"https:\/\/luminos.com.mx\/blog\/\"},{\"@type\":\"ListItem\",\"position\":2,\"name\":\"[EBook] El secreto para calcular la muestra de un estudio de mercado. Descarga el PDF\"}]},{\"@type\":\"WebSite\",\"@id\":\"https:\/\/luminos.com.mx\/blog\/#website\",\"url\":\"https:\/\/luminos.com.mx\/blog\/\",\"name\":\"L\u00faminos Marketing\",\"description\":\"Soluciones Integrales de Mercadotecnia\",\"publisher\":{\"@id\":\"https:\/\/luminos.com.mx\/blog\/#organization\"},\"potentialAction\":[{\"@type\":\"SearchAction\",\"target\":{\"@type\":\"EntryPoint\",\"urlTemplate\":\"https:\/\/luminos.com.mx\/blog\/?s={search_term_string}\"},\"query-input\":{\"@type\":\"PropertyValueSpecification\",\"valueRequired\":true,\"valueName\":\"search_term_string\"}}],\"inLanguage\":\"es\"},{\"@type\":\"Organization\",\"@id\":\"https:\/\/luminos.com.mx\/blog\/#organization\",\"name\":\"L\u00faminos Marketing\",\"url\":\"https:\/\/luminos.com.mx\/blog\/\",\"logo\":{\"@type\":\"ImageObject\",\"inLanguage\":\"es\",\"@id\":\"https:\/\/luminos.com.mx\/blog\/#\/schema\/logo\/image\/\",\"url\":\"https:\/\/luminos.com.mx\/blog\/wp-content\/uploads\/2021\/01\/cropped-favicon.png\",\"contentUrl\":\"https:\/\/luminos.com.mx\/blog\/wp-content\/uploads\/2021\/01\/cropped-favicon.png\",\"width\":219,\"height\":362,\"caption\":\"L\u00faminos Marketing\"},\"image\":{\"@id\":\"https:\/\/luminos.com.mx\/blog\/#\/schema\/logo\/image\/\"},\"sameAs\":[\"https:\/\/www.facebook.com\/luminosmkt\/\",\"https:\/\/x.com\/luminosmkt\",\"https:\/\/www.behance.net\/lminosmarketing\",\"https:\/\/www.instagram.com\/luminos_marketing\/\",\"https:\/\/www.linkedin.com\/company\/1719714\/admin\/feed\/posts\/\",\"https:\/\/www.youtube.com\/channel\/UCB8El1racggeAmP8QffTWqg\"]}]}<\/script>\n<!-- \/ Yoast SEO plugin. -->","yoast_head_json":{"title":"[EBook] El secreto para calcular la muestra de un estudio de mercado. Descarga el PDF &#187; L\u00faminos Marketing","robots":{"index":"index","follow":"follow","max-snippet":"max-snippet:-1","max-image-preview":"max-image-preview:large","max-video-preview":"max-video-preview:-1"},"canonical":"https:\/\/luminos.com.mx\/blog\/ebook-el-secreto-para-calcular-la-muestra-de-un-estudio-de-mercado-descarga-el-pdf\/","og_locale":"es_MX","og_type":"article","og_title":"[EBook] El secreto para calcular la muestra de un estudio de mercado. Descarga el PDF &#187; L\u00faminos Marketing","og_description":"[vc_row][vc_column width=&#8221;1\/2&#8243;][ct_heading text=&#8221;YA CASI ES TUYO&#8221; font_weight=&#8221;&#8221; subtitle=&#8221;DESCARGA TU EBOOK &#8220;][vc_empty_space][vc_column_text]\u00bfListo para hacer tu estudio? Aqu\u00ed tienes la gu\u00eda para que obtengas la muestra estad\u00edstica confiable y real para tu investigaci\u00f3n o estudio. Descarga el PDF y comp\u00e1rtelo. Si tienes dudas, escr\u00edbenos a soluciones@luminos.com.mx[\/vc_column_text][vc_single_image image=&#8221;3264&#8243; img_size=&#8221;full&#8221;][\/vc_column][vc_column width=&#8221;1\/2&#8243;][ct_heading text=&#8221;DESCARGAR PDF AHORA&#8221; font_weight=&#8221;&#8221; subtitle=&#8221;LLENA EL FORMULARIO Y [&hellip;]","og_url":"https:\/\/luminos.com.mx\/blog\/ebook-el-secreto-para-calcular-la-muestra-de-un-estudio-de-mercado-descarga-el-pdf\/","og_site_name":"L\u00faminos Marketing","article_publisher":"https:\/\/www.facebook.com\/luminosmkt\/","article_modified_time":"2021-04-14T17:32:01+00:00","og_image":[{"width":600,"height":200,"url":"https:\/\/luminos.com.mx\/blog\/wp-content\/uploads\/2019\/08\/descargar-ebook-el-secreto-para-obtener-la-muestra-de-un-estudio-de-mercado-luminos-marketing-investigacion-de-mercados.png","type":"image\/png"}],"twitter_card":"summary_large_image","twitter_site":"@luminosmkt","twitter_misc":{"Tiempo de lectura":"1 minuto"},"schema":{"@context":"https:\/\/schema.org","@graph":[{"@type":"WebPage","@id":"https:\/\/luminos.com.mx\/blog\/ebook-el-secreto-para-calcular-la-muestra-de-un-estudio-de-mercado-descarga-el-pdf\/","url":"https:\/\/luminos.com.mx\/blog\/ebook-el-secreto-para-calcular-la-muestra-de-un-estudio-de-mercado-descarga-el-pdf\/","name":"[EBook] El secreto para calcular la muestra de un estudio de mercado. Descarga el PDF &#187; L\u00faminos Marketing","isPartOf":{"@id":"https:\/\/luminos.com.mx\/blog\/#website"},"primaryImageOfPage":{"@id":"https:\/\/luminos.com.mx\/blog\/ebook-el-secreto-para-calcular-la-muestra-de-un-estudio-de-mercado-descarga-el-pdf\/#primaryimage"},"image":{"@id":"https:\/\/luminos.com.mx\/blog\/ebook-el-secreto-para-calcular-la-muestra-de-un-estudio-de-mercado-descarga-el-pdf\/#primaryimage"},"thumbnailUrl":"https:\/\/luminos.com.mx\/blog\/wp-content\/uploads\/2019\/08\/descargar-ebook-el-secreto-para-obtener-la-muestra-de-un-estudio-de-mercado-luminos-marketing-investigacion-de-mercados.png","datePublished":"2020-09-29T21:49:57+00:00","dateModified":"2021-04-14T17:32:01+00:00","breadcrumb":{"@id":"https:\/\/luminos.com.mx\/blog\/ebook-el-secreto-para-calcular-la-muestra-de-un-estudio-de-mercado-descarga-el-pdf\/#breadcrumb"},"inLanguage":"es","potentialAction":[{"@type":"ReadAction","target":["https:\/\/luminos.com.mx\/blog\/ebook-el-secreto-para-calcular-la-muestra-de-un-estudio-de-mercado-descarga-el-pdf\/"]}]},{"@type":"ImageObject","inLanguage":"es","@id":"https:\/\/luminos.com.mx\/blog\/ebook-el-secreto-para-calcular-la-muestra-de-un-estudio-de-mercado-descarga-el-pdf\/#primaryimage","url":"https:\/\/luminos.com.mx\/blog\/wp-content\/uploads\/2019\/08\/descargar-ebook-el-secreto-para-obtener-la-muestra-de-un-estudio-de-mercado-luminos-marketing-investigacion-de-mercados.png","contentUrl":"https:\/\/luminos.com.mx\/blog\/wp-content\/uploads\/2019\/08\/descargar-ebook-el-secreto-para-obtener-la-muestra-de-un-estudio-de-mercado-luminos-marketing-investigacion-de-mercados.png","width":600,"height":200},{"@type":"BreadcrumbList","@id":"https:\/\/luminos.com.mx\/blog\/ebook-el-secreto-para-calcular-la-muestra-de-un-estudio-de-mercado-descarga-el-pdf\/#breadcrumb","itemListElement":[{"@type":"ListItem","position":1,"name":"Inicio","item":"https:\/\/luminos.com.mx\/blog\/"},{"@type":"ListItem","position":2,"name":"[EBook] El secreto para calcular la muestra de un estudio de mercado. Descarga el PDF"}]},{"@type":"WebSite","@id":"https:\/\/luminos.com.mx\/blog\/#website","url":"https:\/\/luminos.com.mx\/blog\/","name":"L\u00faminos Marketing","description":"Soluciones Integrales de Mercadotecnia","publisher":{"@id":"https:\/\/luminos.com.mx\/blog\/#organization"},"potentialAction":[{"@type":"SearchAction","target":{"@type":"EntryPoint","urlTemplate":"https:\/\/luminos.com.mx\/blog\/?s={search_term_string}"},"query-input":{"@type":"PropertyValueSpecification","valueRequired":true,"valueName":"search_term_string"}}],"inLanguage":"es"},{"@type":"Organization","@id":"https:\/\/luminos.com.mx\/blog\/#organization","name":"L\u00faminos Marketing","url":"https:\/\/luminos.com.mx\/blog\/","logo":{"@type":"ImageObject","inLanguage":"es","@id":"https:\/\/luminos.com.mx\/blog\/#\/schema\/logo\/image\/","url":"https:\/\/luminos.com.mx\/blog\/wp-content\/uploads\/2021\/01\/cropped-favicon.png","contentUrl":"https:\/\/luminos.com.mx\/blog\/wp-content\/uploads\/2021\/01\/cropped-favicon.png","width":219,"height":362,"caption":"L\u00faminos Marketing"},"image":{"@id":"https:\/\/luminos.com.mx\/blog\/#\/schema\/logo\/image\/"},"sameAs":["https:\/\/www.facebook.com\/luminosmkt\/","https:\/\/x.com\/luminosmkt","https:\/\/www.behance.net\/lminosmarketing","https:\/\/www.instagram.com\/luminos_marketing\/","https:\/\/www.linkedin.com\/company\/1719714\/admin\/feed\/posts\/","https:\/\/www.youtube.com\/channel\/UCB8El1racggeAmP8QffTWqg"]}]}},"_links":{"self":[{"href":"https:\/\/luminos.com.mx\/blog\/wp-json\/wp\/v2\/pages\/3281","targetHints":{"allow":["GET"]}}],"collection":[{"href":"https:\/\/luminos.com.mx\/blog\/wp-json\/wp\/v2\/pages"}],"about":[{"href":"https:\/\/luminos.com.mx\/blog\/wp-json\/wp\/v2\/types\/page"}],"author":[{"embeddable":true,"href":"https:\/\/luminos.com.mx\/blog\/wp-json\/wp\/v2\/users\/1"}],"replies":[{"embeddable":true,"href":"https:\/\/luminos.com.mx\/blog\/wp-json\/wp\/v2\/comments?post=3281"}],"version-history":[{"count":2,"href":"https:\/\/luminos.com.mx\/blog\/wp-json\/wp\/v2\/pages\/3281\/revisions"}],"predecessor-version":[{"id":3526,"href":"https:\/\/luminos.com.mx\/blog\/wp-json\/wp\/v2\/pages\/3281\/revisions\/3526"}],"wp:featuredmedia":[{"embeddable":true,"href":"https:\/\/luminos.com.mx\/blog\/wp-json\/wp\/v2\/media\/3280"}],"wp:attachment":[{"href":"https:\/\/luminos.com.mx\/blog\/wp-json\/wp\/v2\/media?parent=3281"}],"curies":[{"name":"wp","href":"https:\/\/api.w.org\/{rel}","templated":true}]}}