{"id":3269,"date":"2020-09-21T18:12:46","date_gmt":"2020-09-21T18:12:46","guid":{"rendered":"https:\/\/luminos.com.mx\/marketing\/?page_id=3269"},"modified":"2021-04-14T17:53:05","modified_gmt":"2021-04-14T17:53:05","slug":"muestra-estudio-de-mercado","status":"publish","type":"page","link":"https:\/\/luminos.com.mx\/blog\/muestra-estudio-de-mercado\/","title":{"rendered":"\u00bfC\u00f3mo obtener la muestra de tu estudio de mercado? Archivo de Excel descargable"},"content":{"rendered":"<p>[vc_row][vc_column width=&#8221;1\/2&#8243;][ct_heading text=&#8221;YA CASI ES TUYO&#8221; font_weight=&#8221;&#8221; subtitle=&#8221;DESCARGA LA CALCULADORA DE MUESTRA&#8221;][vc_empty_space][vc_column_text]<strong>\u00bfListo para hacer tu estudio?<\/strong><\/p>\n<p>Obt\u00e9n la muestra estad\u00edstica confiable y real para tu investigaci\u00f3n o estudio.<\/p>\n<p><strong>S\u00f3lo necesitas saber el universo a investigar y los par\u00e1metros del dise\u00f1o de tu investigaci\u00f3n para obtener tu muestra.<\/strong><\/p>\n<p>Si tienes dudas, escr\u00edbenos a <a href=\"mailto:soluciones@luminos.com.mx\">soluciones@luminos.com.mx<\/a>[\/vc_column_text][vc_single_image image=&#8221;3264&#8243; img_size=&#8221;full&#8221;][\/vc_column][vc_column width=&#8221;1\/2&#8243;][ct_heading text=&#8221;DESCARGAR ARCHIVO AHORA&#8221; font_weight=&#8221;&#8221; subtitle=&#8221;LLENA EL FORMULARIO Y DESCARGA YA&#8221;][vc_raw_html]JTNDc2NyaXB0JTIwY2hhcnNldCUzRCUyMnV0Zi04JTIyJTIwdHlwZSUzRCUyMnRleHQlMkZqYXZhc2NyaXB0JTIyJTIwc3JjJTNEJTIyJTJGJTJGanMuaHNmb3Jtcy5uZXQlMkZmb3JtcyUyRnNoZWxsLmpzJTIyJTNFJTNDJTJGc2NyaXB0JTNFJTBBJTNDc2NyaXB0JTNFJTBBJTIwJTIwaGJzcHQuZm9ybXMuY3JlYXRlJTI4JTdCJTBBJTA5cG9ydGFsSWQlM0ElMjAlMjIxOTMwNzcxJTIyJTJDJTBBJTA5Zm9ybUlkJTNBJTIwJTIyNGNmMmY0OGUtZmExMi00ZTM2LTg5MzgtNTI0NmRjMTFiMzNmJTIyJTBBJTdEJTI5JTNCJTBBJTNDJTJGc2NyaXB0JTNF[\/vc_raw_html][\/vc_column][\/vc_row]<\/p>\n","protected":false},"excerpt":{"rendered":"<p>[vc_row][vc_column width=&#8221;1\/2&#8243;][ct_heading text=&#8221;YA CASI ES TUYO&#8221; font_weight=&#8221;&#8221; subtitle=&#8221;DESCARGA LA CALCULADORA DE MUESTRA&#8221;][vc_empty_space][vc_column_text]\u00bfListo para hacer tu estudio? Obt\u00e9n la muestra estad\u00edstica confiable y real para tu investigaci\u00f3n o estudio. S\u00f3lo necesitas saber el universo a investigar y los par\u00e1metros del dise\u00f1o de tu investigaci\u00f3n para obtener tu muestra. Si tienes dudas, escr\u00edbenos a soluciones@luminos.com.mx[\/vc_column_text][vc_single_image image=&#8221;3264&#8243; img_size=&#8221;full&#8221;][\/vc_column][vc_column [&hellip;]<\/p>\n","protected":false},"author":1,"featured_media":0,"parent":0,"menu_order":0,"comment_status":"closed","ping_status":"closed","template":"","meta":{"content-type":"","footnotes":""},"class_list":["post-3269","page","type-page","status-publish","hentry"],"yoast_head":"<!-- This site is optimized with the Yoast SEO plugin v25.9 - https:\/\/yoast.com\/wordpress\/plugins\/seo\/ -->\n<title>\u00bfC\u00f3mo obtener la muestra de tu estudio de mercado? Archivo de Excel descargable &#187; L\u00faminos Marketing<\/title>\n<meta name=\"robots\" content=\"index, follow, max-snippet:-1, max-image-preview:large, max-video-preview:-1\" \/>\n<link rel=\"canonical\" href=\"https:\/\/luminos.com.mx\/blog\/muestra-estudio-de-mercado\/\" \/>\n<meta property=\"og:locale\" content=\"es_MX\" \/>\n<meta property=\"og:type\" content=\"article\" \/>\n<meta property=\"og:title\" content=\"\u00bfC\u00f3mo obtener la muestra de tu estudio de mercado? Archivo de Excel descargable &#187; L\u00faminos Marketing\" \/>\n<meta property=\"og:description\" content=\"[vc_row][vc_column width=&#8221;1\/2&#8243;][ct_heading text=&#8221;YA CASI ES TUYO&#8221; font_weight=&#8221;&#8221; subtitle=&#8221;DESCARGA LA CALCULADORA DE MUESTRA&#8221;][vc_empty_space][vc_column_text]\u00bfListo para hacer tu estudio? Obt\u00e9n la muestra estad\u00edstica confiable y real para tu investigaci\u00f3n o estudio. S\u00f3lo necesitas saber el universo a investigar y los par\u00e1metros del dise\u00f1o de tu investigaci\u00f3n para obtener tu muestra. Si tienes dudas, escr\u00edbenos a soluciones@luminos.com.mx[\/vc_column_text][vc_single_image image=&#8221;3264&#8243; img_size=&#8221;full&#8221;][\/vc_column][vc_column [&hellip;]\" \/>\n<meta property=\"og:url\" content=\"https:\/\/luminos.com.mx\/blog\/muestra-estudio-de-mercado\/\" \/>\n<meta property=\"og:site_name\" content=\"L\u00faminos Marketing\" \/>\n<meta property=\"article:publisher\" content=\"https:\/\/www.facebook.com\/luminosmkt\/\" \/>\n<meta property=\"article:modified_time\" content=\"2021-04-14T17:53:05+00:00\" \/>\n<meta name=\"twitter:card\" content=\"summary_large_image\" \/>\n<meta name=\"twitter:site\" content=\"@luminosmkt\" \/>\n<meta name=\"twitter:label1\" content=\"Tiempo de lectura\" \/>\n\t<meta name=\"twitter:data1\" content=\"1 minuto\" \/>\n<script type=\"application\/ld+json\" class=\"yoast-schema-graph\">{\"@context\":\"https:\/\/schema.org\",\"@graph\":[{\"@type\":\"WebPage\",\"@id\":\"https:\/\/luminos.com.mx\/blog\/muestra-estudio-de-mercado\/\",\"url\":\"https:\/\/luminos.com.mx\/blog\/muestra-estudio-de-mercado\/\",\"name\":\"\u00bfC\u00f3mo obtener la muestra de tu estudio de mercado? Archivo de Excel descargable &#187; L\u00faminos Marketing\",\"isPartOf\":{\"@id\":\"https:\/\/luminos.com.mx\/blog\/#website\"},\"datePublished\":\"2020-09-21T18:12:46+00:00\",\"dateModified\":\"2021-04-14T17:53:05+00:00\",\"breadcrumb\":{\"@id\":\"https:\/\/luminos.com.mx\/blog\/muestra-estudio-de-mercado\/#breadcrumb\"},\"inLanguage\":\"es\",\"potentialAction\":[{\"@type\":\"ReadAction\",\"target\":[\"https:\/\/luminos.com.mx\/blog\/muestra-estudio-de-mercado\/\"]}]},{\"@type\":\"BreadcrumbList\",\"@id\":\"https:\/\/luminos.com.mx\/blog\/muestra-estudio-de-mercado\/#breadcrumb\",\"itemListElement\":[{\"@type\":\"ListItem\",\"position\":1,\"name\":\"Inicio\",\"item\":\"https:\/\/luminos.com.mx\/blog\/\"},{\"@type\":\"ListItem\",\"position\":2,\"name\":\"\u00bfC\u00f3mo obtener la muestra de tu estudio de mercado? Archivo de Excel descargable\"}]},{\"@type\":\"WebSite\",\"@id\":\"https:\/\/luminos.com.mx\/blog\/#website\",\"url\":\"https:\/\/luminos.com.mx\/blog\/\",\"name\":\"L\u00faminos Marketing\",\"description\":\"Soluciones Integrales de Mercadotecnia\",\"publisher\":{\"@id\":\"https:\/\/luminos.com.mx\/blog\/#organization\"},\"potentialAction\":[{\"@type\":\"SearchAction\",\"target\":{\"@type\":\"EntryPoint\",\"urlTemplate\":\"https:\/\/luminos.com.mx\/blog\/?s={search_term_string}\"},\"query-input\":{\"@type\":\"PropertyValueSpecification\",\"valueRequired\":true,\"valueName\":\"search_term_string\"}}],\"inLanguage\":\"es\"},{\"@type\":\"Organization\",\"@id\":\"https:\/\/luminos.com.mx\/blog\/#organization\",\"name\":\"L\u00faminos Marketing\",\"url\":\"https:\/\/luminos.com.mx\/blog\/\",\"logo\":{\"@type\":\"ImageObject\",\"inLanguage\":\"es\",\"@id\":\"https:\/\/luminos.com.mx\/blog\/#\/schema\/logo\/image\/\",\"url\":\"https:\/\/luminos.com.mx\/blog\/wp-content\/uploads\/2021\/01\/cropped-favicon.png\",\"contentUrl\":\"https:\/\/luminos.com.mx\/blog\/wp-content\/uploads\/2021\/01\/cropped-favicon.png\",\"width\":219,\"height\":362,\"caption\":\"L\u00faminos Marketing\"},\"image\":{\"@id\":\"https:\/\/luminos.com.mx\/blog\/#\/schema\/logo\/image\/\"},\"sameAs\":[\"https:\/\/www.facebook.com\/luminosmkt\/\",\"https:\/\/x.com\/luminosmkt\",\"https:\/\/www.behance.net\/lminosmarketing\",\"https:\/\/www.instagram.com\/luminos_marketing\/\",\"https:\/\/www.linkedin.com\/company\/1719714\/admin\/feed\/posts\/\",\"https:\/\/www.youtube.com\/channel\/UCB8El1racggeAmP8QffTWqg\"]}]}<\/script>\n<!-- \/ Yoast SEO plugin. -->","yoast_head_json":{"title":"\u00bfC\u00f3mo obtener la muestra de tu estudio de mercado? Archivo de Excel descargable &#187; L\u00faminos Marketing","robots":{"index":"index","follow":"follow","max-snippet":"max-snippet:-1","max-image-preview":"max-image-preview:large","max-video-preview":"max-video-preview:-1"},"canonical":"https:\/\/luminos.com.mx\/blog\/muestra-estudio-de-mercado\/","og_locale":"es_MX","og_type":"article","og_title":"\u00bfC\u00f3mo obtener la muestra de tu estudio de mercado? Archivo de Excel descargable &#187; L\u00faminos Marketing","og_description":"[vc_row][vc_column width=&#8221;1\/2&#8243;][ct_heading text=&#8221;YA CASI ES TUYO&#8221; font_weight=&#8221;&#8221; subtitle=&#8221;DESCARGA LA CALCULADORA DE MUESTRA&#8221;][vc_empty_space][vc_column_text]\u00bfListo para hacer tu estudio? Obt\u00e9n la muestra estad\u00edstica confiable y real para tu investigaci\u00f3n o estudio. S\u00f3lo necesitas saber el universo a investigar y los par\u00e1metros del dise\u00f1o de tu investigaci\u00f3n para obtener tu muestra. Si tienes dudas, escr\u00edbenos a soluciones@luminos.com.mx[\/vc_column_text][vc_single_image image=&#8221;3264&#8243; img_size=&#8221;full&#8221;][\/vc_column][vc_column [&hellip;]","og_url":"https:\/\/luminos.com.mx\/blog\/muestra-estudio-de-mercado\/","og_site_name":"L\u00faminos Marketing","article_publisher":"https:\/\/www.facebook.com\/luminosmkt\/","article_modified_time":"2021-04-14T17:53:05+00:00","twitter_card":"summary_large_image","twitter_site":"@luminosmkt","twitter_misc":{"Tiempo de lectura":"1 minuto"},"schema":{"@context":"https:\/\/schema.org","@graph":[{"@type":"WebPage","@id":"https:\/\/luminos.com.mx\/blog\/muestra-estudio-de-mercado\/","url":"https:\/\/luminos.com.mx\/blog\/muestra-estudio-de-mercado\/","name":"\u00bfC\u00f3mo obtener la muestra de tu estudio de mercado? Archivo de Excel descargable &#187; L\u00faminos Marketing","isPartOf":{"@id":"https:\/\/luminos.com.mx\/blog\/#website"},"datePublished":"2020-09-21T18:12:46+00:00","dateModified":"2021-04-14T17:53:05+00:00","breadcrumb":{"@id":"https:\/\/luminos.com.mx\/blog\/muestra-estudio-de-mercado\/#breadcrumb"},"inLanguage":"es","potentialAction":[{"@type":"ReadAction","target":["https:\/\/luminos.com.mx\/blog\/muestra-estudio-de-mercado\/"]}]},{"@type":"BreadcrumbList","@id":"https:\/\/luminos.com.mx\/blog\/muestra-estudio-de-mercado\/#breadcrumb","itemListElement":[{"@type":"ListItem","position":1,"name":"Inicio","item":"https:\/\/luminos.com.mx\/blog\/"},{"@type":"ListItem","position":2,"name":"\u00bfC\u00f3mo obtener la muestra de tu estudio de mercado? Archivo de Excel descargable"}]},{"@type":"WebSite","@id":"https:\/\/luminos.com.mx\/blog\/#website","url":"https:\/\/luminos.com.mx\/blog\/","name":"L\u00faminos Marketing","description":"Soluciones Integrales de Mercadotecnia","publisher":{"@id":"https:\/\/luminos.com.mx\/blog\/#organization"},"potentialAction":[{"@type":"SearchAction","target":{"@type":"EntryPoint","urlTemplate":"https:\/\/luminos.com.mx\/blog\/?s={search_term_string}"},"query-input":{"@type":"PropertyValueSpecification","valueRequired":true,"valueName":"search_term_string"}}],"inLanguage":"es"},{"@type":"Organization","@id":"https:\/\/luminos.com.mx\/blog\/#organization","name":"L\u00faminos Marketing","url":"https:\/\/luminos.com.mx\/blog\/","logo":{"@type":"ImageObject","inLanguage":"es","@id":"https:\/\/luminos.com.mx\/blog\/#\/schema\/logo\/image\/","url":"https:\/\/luminos.com.mx\/blog\/wp-content\/uploads\/2021\/01\/cropped-favicon.png","contentUrl":"https:\/\/luminos.com.mx\/blog\/wp-content\/uploads\/2021\/01\/cropped-favicon.png","width":219,"height":362,"caption":"L\u00faminos Marketing"},"image":{"@id":"https:\/\/luminos.com.mx\/blog\/#\/schema\/logo\/image\/"},"sameAs":["https:\/\/www.facebook.com\/luminosmkt\/","https:\/\/x.com\/luminosmkt","https:\/\/www.behance.net\/lminosmarketing","https:\/\/www.instagram.com\/luminos_marketing\/","https:\/\/www.linkedin.com\/company\/1719714\/admin\/feed\/posts\/","https:\/\/www.youtube.com\/channel\/UCB8El1racggeAmP8QffTWqg"]}]}},"_links":{"self":[{"href":"https:\/\/luminos.com.mx\/blog\/wp-json\/wp\/v2\/pages\/3269","targetHints":{"allow":["GET"]}}],"collection":[{"href":"https:\/\/luminos.com.mx\/blog\/wp-json\/wp\/v2\/pages"}],"about":[{"href":"https:\/\/luminos.com.mx\/blog\/wp-json\/wp\/v2\/types\/page"}],"author":[{"embeddable":true,"href":"https:\/\/luminos.com.mx\/blog\/wp-json\/wp\/v2\/users\/1"}],"replies":[{"embeddable":true,"href":"https:\/\/luminos.com.mx\/blog\/wp-json\/wp\/v2\/comments?post=3269"}],"version-history":[{"count":6,"href":"https:\/\/luminos.com.mx\/blog\/wp-json\/wp\/v2\/pages\/3269\/revisions"}],"predecessor-version":[{"id":3530,"href":"https:\/\/luminos.com.mx\/blog\/wp-json\/wp\/v2\/pages\/3269\/revisions\/3530"}],"wp:attachment":[{"href":"https:\/\/luminos.com.mx\/blog\/wp-json\/wp\/v2\/media?parent=3269"}],"curies":[{"name":"wp","href":"https:\/\/api.w.org\/{rel}","templated":true}]}}