{"id":3,"date":"2019-02-13T23:44:12","date_gmt":"2019-02-13T23:44:12","guid":{"rendered":"http:\/\/luminos.com.mx\/marketing\/?page_id=3"},"modified":"2019-06-04T06:15:01","modified_gmt":"2019-06-04T06:15:01","slug":"politica-privacidad","status":"publish","type":"page","link":"https:\/\/luminos.com.mx\/blog\/politica-privacidad\/","title":{"rendered":"Aviso de privacidad"},"content":{"rendered":"\r\n<p><strong>Aviso de Privacidad<\/strong><\/p>\r\n<p>En determinados servicios L\u00faminos Marketing \u00ae necesitar\u00e1 informaci\u00f3n sobre Usted y\/o su empresa, tal como su nombre y direcci\u00f3n de correo electr\u00f3nico, e incluso mayor informaci\u00f3n sobre su negocio, por ello se le har\u00e1 saber el uso que se le dar\u00e1 a dicha informaci\u00f3n al momento de ped\u00edrsela. La informaci\u00f3n personal que L\u00faminos Marketing \u00ae solicita solo es utilizada de forma interna para responder a las preguntas del usuario, procesar una orden o permitirle acceso a informaci\u00f3n espec\u00edfica de su cuenta.<\/p>\r\n<p>Ocasionalmente L\u00faminos Marketing \u00ae podr\u00e1 efectuar encuestas a trav\u00e9s de la Internet para entender mejor las necesidades y perfiles de nuestros visitantes. Cuando L\u00faminos Marketing \u00ae lleve a cabo una encuesta, tratar\u00e1 de informarle al usuario como se usar\u00e1 dicha informaci\u00f3n al mismo tiempo que le pidamos la misma.<\/p>\r\n<p>&nbsp;<\/p>\r\n<ol>\r\n<li><strong> Acerca de tus datos<\/strong><\/li>\r\n<\/ol>\r\n<p>L\u00faminos Marketing \u00ae se compromete a no vender, intercambiar, transferir, compartir, publicar o difundir a terceros ajenos a L\u00faminos Marketing \u00ae, sin tu autorizaci\u00f3n, los datos que nos proporciones mediante los formularios de registro o de contacto de nuestro sitio. Tus datos son tuyos. La \u00fanica forma en que nos ver\u00edamos obligados a revelar tus datos es mediante la orden de una autoridad competente.<\/p>\r\n<p>&nbsp;<\/p>\r\n<ol start=\"2\">\r\n<li><strong> Acerca de tu autorizaci\u00f3n<\/strong><\/li>\r\n<\/ol>\r\n<p>Al registrarte para utilizar nuestros sitios, autorizas a L\u00faminos Marketing \u00ae a recabar y tratar los datos personales especificados en el punto 5 del presente aviso de privacidad para los fines mencionados en el punto 4 de este mismo aviso. As\u00ed mismo, tu registro constituye tu conformidad y aceptaci\u00f3n de nuestro aviso de privacidad y las modificaciones que eventualmente pueda llegar a tener.<\/p>\r\n<p>&nbsp;<\/p>\r\n<ol start=\"3\">\r\n<li><strong> Acerca de tus derechos ARCO (acceso, rectificaci\u00f3n, cancelaci\u00f3n y oposici\u00f3n) y c\u00f3mo ejercerlos<\/strong><\/li>\r\n<\/ol>\r\n<p>Podr\u00e1s\u00a0 acceder, rectificar o cancelar el registro de los datos que nos has proporcionado. De la misma forma, podr\u00e1s oponerte a que tus datos contin\u00faen en nuestra base y darte de baja de la misma. Si tienes alguna duda o no puedes acceder a tu cuenta o tus datos, por favor env\u00eda un correo electr\u00f3nico a\u00a0soluciones@luminos.com.mx, \u00a0vis\u00edtanos en Manuel J. Clouthier No. 108, Piso 5, Int. 2 Col. Bur\u00f3crata, CP. 78230, San Luis Potos\u00ed, S.L.P., M\u00e9xico\u00a0 o comun\u00edcate al 01 (444) 811 77 85.<\/p>\r\n<p>&nbsp;<\/p>\r\n<ol start=\"4\">\r\n<li><strong> Acerca del uso de tu informaci\u00f3n por parte de L\u00faminos Marketing\u00ae <\/strong><\/li>\r\n<\/ol>\r\n<p>La informaci\u00f3n personal que nos proporciones ser\u00e1 utilizada para:<\/p>\r\n<ol>\r\n<li>Contactarte sobre cuestiones relacionadas con tu cuenta.<\/li>\r\n<li>Hacerte llegar comunicaciones sobre eventos, promociones o noticias de L\u00faminos Marketing\u00ae con fines de mercadotecnia, publicidad o prospecci\u00f3n comercial.<\/li>\r\n<li>Facilitar el proceso de venta a trav\u00e9s de nuestro sitio.<\/li>\r\n<li>Notificarte los cambios que puedan darse en nuestro aviso de privacidad.<\/li>\r\n<\/ol>\r\n<p>&nbsp;<\/p>\r\n<ol start=\"5\">\r\n<li><strong> Acerca de la informaci\u00f3n que recolectamos<\/strong><\/li>\r\n<\/ol>\r\n<p>La informaci\u00f3n que recolectamos y cuyo tratamiento regula el presente aviso de privacidad es la siguiente:<\/p>\r\n<ol>\r\n<li>Para tu suscripci\u00f3n al Newsletter de nuestro sitio recabamos tu correo electr\u00f3nico.<\/li>\r\n<li>Para ponernos en contacto contigo en relaci\u00f3n a alg\u00fan comentario o sugerencia, recabamos tu nombre y correo electr\u00f3nico.<\/li>\r\n<li>Para agendar una consultor\u00eda de negocios, recabamos como informaci\u00f3n delicada y\/o confidencial tu nombre y apellidos, tel\u00e9fono, correo electr\u00f3nico, puesto que desempe\u00f1as en tu organizaci\u00f3n, n\u00famero de empleados en tu empresa, rango de ventas anuales que factura la empresa y puntos de mejora que podr\u00eda presentar la empresa.<\/li>\r\n<li>Para enviarte informaci\u00f3n sobre eventos, promociones o noticias sobre L\u00faminos Marketing\u00ae, recabamos tu correo electr\u00f3nico.<\/li>\r\n<li>Para notificarte los cambios que puedan darse en nuestro aviso de privacidad recabamos tu correo electr\u00f3nico.<\/li>\r\n<\/ol>\r\n<p>&nbsp;<\/p>\r\n<ol start=\"6\">\r\n<li><strong>Acerca de tu informaci\u00f3n en otros sitios<\/strong><\/li>\r\n<\/ol>\r\n<p>Considera que la informaci\u00f3n que alimentas en sitios ajenos a L\u00faminos Marketing\u00ae puede coincidir con aquella que has alimentado o alimentar\u00e1s en los formularios de L\u00faminos Marketing\u00ae. En consecuencia, debes estar consciente y ser responsable de tener el mismo cuidado que tienes con tu informaci\u00f3n en los sitios de L\u00faminos Marketing\u00ae, en los dem\u00e1s sitios en los que navegues o alimentes informaci\u00f3n de cualquier tipo.<\/p>\r\n<p>&nbsp;<\/p>\r\n<ol start=\"7\">\r\n<li><strong>Acerca de cambios en la pol\u00edtica<\/strong><\/li>\r\n<\/ol>\r\n<p>Eventualmente se realizar\u00e1n cambios a la presente pol\u00edtica de privacidad. Te sugerimos visitar frecuentemente esta p\u00e1gina para estar al tanto de los posibles cambios o modificaciones que pudiera haber. Aun con ello, no debes preocuparte, tu informaci\u00f3n estar\u00e1 segura con L\u00faminos Marketing\u00ae.<\/p>\r\n<p>Ante cambios en nuestro aviso de privacidad, te lo notificaremos al correo electr\u00f3nico que tengas registrado con nosotros. De esa forma, siempre estar\u00e1s al tanto de la \u00faltima versi\u00f3n de nuestro aviso de privacidad.<\/p>\r\n<p>&nbsp;<\/p>\r\n<ol start=\"8\">\r\n<li><strong> Acerca de los l\u00edmites en el uso o divulgaci\u00f3n de tus datos<\/strong><\/li>\r\n<\/ol>\r\n<p>Si en un momento dado deseas limitar el uso de tus datos por parte de L\u00faminos Marketing\u00ae, por ejemplo cancelar tu suscripci\u00f3n a una lista de noticias, pero deseas seguir utilizando los servicios del sitio o recibir otro tipo de comunicados, env\u00eda un correo a <a href=\"mailto:gmayer@luminos.com.mx\">soluciones@luminos.com.mx<\/a> aclarando qu\u00e9 deseas seguir recibiendo y qu\u00e9 ya no. Ten en cuenta que al limitar el uso de tus datos es posible que no podamos continuar prest\u00e1ndote uno o m\u00e1s de los servicios que hayas solicitado y para los que se necesitan los datos cuyo uso est\u00e1s limitando.<\/p>\r\n<p>De igual forma, puedes solicitar la limitaci\u00f3n en el uso de tus datos personales enviando un correo electr\u00f3nico a\u00a0<a href=\"mailto:gmayer@luminos.com.mx\">soluciones@luminos.com.mx<\/a>.<\/p>\r\n<p>&nbsp;<\/p>\r\n<ol start=\"9\">\r\n<li><strong> Acerca de la revocaci\u00f3n de tu consentimiento<\/strong><\/li>\r\n<\/ol>\r\n<p>En cualquier momento, puedes revocar la autorizaci\u00f3n que nos hayas dado para el tratamiento de tus datos personales. La manera en que puedes llevar a cabo dicha revocaci\u00f3n de autorizaci\u00f3n es solicit\u00e1ndolo mediante correo electr\u00f3nico a\u00a0<a href=\"mailto:gmayer@luminos.com.mx\">soluciones@luminos.com.mx<\/a>, mediante correo postal a Manuel J. Clouthier No. 108, Piso 5, Int. 2 Col. Bur\u00f3crata, CP. 78230, San Luis Potos\u00ed, S.L.P., M\u00e9xico o llamando al 01 (444) 811 77 85.<\/p>\r\n<p>Ten en cuenta que al revocar tu autorizaci\u00f3n es posible que no nos sea posible seguir prest\u00e1ndote el o los servicios para los que utilizamos los datos que recabamos.<\/p>\r\n<p>&nbsp;<\/p>\r\n<ol start=\"10\">\r\n<li><strong> Contacto y Encargado<\/strong><\/li>\r\n<\/ol>\r\n<p>Si tienes alguna duda o preocupaci\u00f3n en relaci\u00f3n a la presente pol\u00edtica de privacidad o la forma en que manejamos los datos que nos proporcionas o recolectamos, por favor env\u00edanos un correo a <a href=\"mailto:gmayer@luminos.com.mx\">soluciones@luminos.com.mx<\/a> que es el encargado de gestionar los datos recabados en nuestras bases. Nuestro compromiso es contestarte en un plazo no mayor a 48 horas, salvo en caso de una excesiva carga de trabajo, caso fortuito o de fuerza mayor.<\/p>\r\n<p>&nbsp;<\/p>\r\n<ol start=\"11\">\r\n<li><strong> Identidad y Domicilio convencional<\/strong><\/li>\r\n<\/ol>\r\n<p>Tus datos son tratados y resguardados por L\u00faminos Marketing\u00ae con domicilio en Manuel J. Clouthier No. 108, Piso 5, Int. 2 Col. Bur\u00f3crata, CP. 78230, San Luis Potos\u00ed, S.L.P., M\u00e9xico.<\/p>\r\n<p>&nbsp;<\/p>\r\n","protected":false},"excerpt":{"rendered":"<p>Aviso de Privacidad En determinados servicios L\u00faminos Marketing \u00ae necesitar\u00e1 informaci\u00f3n sobre Usted y\/o su empresa, tal como su nombre y direcci\u00f3n de correo electr\u00f3nico, e incluso mayor informaci\u00f3n sobre su negocio, por ello se le har\u00e1 saber el uso que se le dar\u00e1 a dicha informaci\u00f3n al momento de ped\u00edrsela. La informaci\u00f3n personal que [&hellip;]<\/p>\n","protected":false},"author":1,"featured_media":0,"parent":0,"menu_order":0,"comment_status":"closed","ping_status":"open","template":"","meta":{"content-type":"","footnotes":""},"class_list":["post-3","page","type-page","status-publish","hentry"],"yoast_head":"<!-- This site is optimized with the Yoast SEO plugin v25.9 - https:\/\/yoast.com\/wordpress\/plugins\/seo\/ -->\n<title>Aviso de privacidad &#187; L\u00faminos Marketing<\/title>\n<meta name=\"robots\" content=\"index, follow, max-snippet:-1, max-image-preview:large, max-video-preview:-1\" \/>\n<link rel=\"canonical\" href=\"https:\/\/luminos.com.mx\/blog\/politica-privacidad\/\" \/>\n<meta property=\"og:locale\" content=\"es_MX\" \/>\n<meta property=\"og:type\" content=\"article\" \/>\n<meta property=\"og:title\" content=\"Aviso de privacidad &#187; L\u00faminos Marketing\" \/>\n<meta property=\"og:description\" content=\"Aviso de Privacidad En determinados servicios L\u00faminos Marketing \u00ae necesitar\u00e1 informaci\u00f3n sobre Usted y\/o su empresa, tal como su nombre y direcci\u00f3n de correo electr\u00f3nico, e incluso mayor informaci\u00f3n sobre su negocio, por ello se le har\u00e1 saber el uso que se le dar\u00e1 a dicha informaci\u00f3n al momento de ped\u00edrsela. La informaci\u00f3n personal que [&hellip;]\" \/>\n<meta property=\"og:url\" content=\"https:\/\/luminos.com.mx\/blog\/politica-privacidad\/\" \/>\n<meta property=\"og:site_name\" content=\"L\u00faminos Marketing\" \/>\n<meta property=\"article:publisher\" content=\"https:\/\/www.facebook.com\/luminosmkt\/\" \/>\n<meta property=\"article:modified_time\" content=\"2019-06-04T06:15:01+00:00\" \/>\n<meta name=\"twitter:card\" content=\"summary_large_image\" \/>\n<meta name=\"twitter:site\" content=\"@luminosmkt\" \/>\n<meta name=\"twitter:label1\" content=\"Tiempo de lectura\" \/>\n\t<meta name=\"twitter:data1\" content=\"6 minutos\" \/>\n<script type=\"application\/ld+json\" class=\"yoast-schema-graph\">{\"@context\":\"https:\/\/schema.org\",\"@graph\":[{\"@type\":\"WebPage\",\"@id\":\"https:\/\/luminos.com.mx\/blog\/politica-privacidad\/\",\"url\":\"https:\/\/luminos.com.mx\/blog\/politica-privacidad\/\",\"name\":\"Aviso de privacidad &#187; L\u00faminos Marketing\",\"isPartOf\":{\"@id\":\"https:\/\/luminos.com.mx\/blog\/#website\"},\"datePublished\":\"2019-02-13T23:44:12+00:00\",\"dateModified\":\"2019-06-04T06:15:01+00:00\",\"breadcrumb\":{\"@id\":\"https:\/\/luminos.com.mx\/blog\/politica-privacidad\/#breadcrumb\"},\"inLanguage\":\"es\",\"potentialAction\":[{\"@type\":\"ReadAction\",\"target\":[\"https:\/\/luminos.com.mx\/blog\/politica-privacidad\/\"]}]},{\"@type\":\"BreadcrumbList\",\"@id\":\"https:\/\/luminos.com.mx\/blog\/politica-privacidad\/#breadcrumb\",\"itemListElement\":[{\"@type\":\"ListItem\",\"position\":1,\"name\":\"Inicio\",\"item\":\"https:\/\/luminos.com.mx\/blog\/\"},{\"@type\":\"ListItem\",\"position\":2,\"name\":\"Aviso de privacidad\"}]},{\"@type\":\"WebSite\",\"@id\":\"https:\/\/luminos.com.mx\/blog\/#website\",\"url\":\"https:\/\/luminos.com.mx\/blog\/\",\"name\":\"L\u00faminos Marketing\",\"description\":\"Soluciones Integrales de Mercadotecnia\",\"publisher\":{\"@id\":\"https:\/\/luminos.com.mx\/blog\/#organization\"},\"potentialAction\":[{\"@type\":\"SearchAction\",\"target\":{\"@type\":\"EntryPoint\",\"urlTemplate\":\"https:\/\/luminos.com.mx\/blog\/?s={search_term_string}\"},\"query-input\":{\"@type\":\"PropertyValueSpecification\",\"valueRequired\":true,\"valueName\":\"search_term_string\"}}],\"inLanguage\":\"es\"},{\"@type\":\"Organization\",\"@id\":\"https:\/\/luminos.com.mx\/blog\/#organization\",\"name\":\"L\u00faminos Marketing\",\"url\":\"https:\/\/luminos.com.mx\/blog\/\",\"logo\":{\"@type\":\"ImageObject\",\"inLanguage\":\"es\",\"@id\":\"https:\/\/luminos.com.mx\/blog\/#\/schema\/logo\/image\/\",\"url\":\"https:\/\/luminos.com.mx\/blog\/wp-content\/uploads\/2021\/01\/cropped-favicon.png\",\"contentUrl\":\"https:\/\/luminos.com.mx\/blog\/wp-content\/uploads\/2021\/01\/cropped-favicon.png\",\"width\":219,\"height\":362,\"caption\":\"L\u00faminos Marketing\"},\"image\":{\"@id\":\"https:\/\/luminos.com.mx\/blog\/#\/schema\/logo\/image\/\"},\"sameAs\":[\"https:\/\/www.facebook.com\/luminosmkt\/\",\"https:\/\/x.com\/luminosmkt\",\"https:\/\/www.behance.net\/lminosmarketing\",\"https:\/\/www.instagram.com\/luminos_marketing\/\",\"https:\/\/www.linkedin.com\/company\/1719714\/admin\/feed\/posts\/\",\"https:\/\/www.youtube.com\/channel\/UCB8El1racggeAmP8QffTWqg\"]}]}<\/script>\n<!-- \/ Yoast SEO plugin. -->","yoast_head_json":{"title":"Aviso de privacidad &#187; L\u00faminos Marketing","robots":{"index":"index","follow":"follow","max-snippet":"max-snippet:-1","max-image-preview":"max-image-preview:large","max-video-preview":"max-video-preview:-1"},"canonical":"https:\/\/luminos.com.mx\/blog\/politica-privacidad\/","og_locale":"es_MX","og_type":"article","og_title":"Aviso de privacidad &#187; L\u00faminos Marketing","og_description":"Aviso de Privacidad En determinados servicios L\u00faminos Marketing \u00ae necesitar\u00e1 informaci\u00f3n sobre Usted y\/o su empresa, tal como su nombre y direcci\u00f3n de correo electr\u00f3nico, e incluso mayor informaci\u00f3n sobre su negocio, por ello se le har\u00e1 saber el uso que se le dar\u00e1 a dicha informaci\u00f3n al momento de ped\u00edrsela. La informaci\u00f3n personal que [&hellip;]","og_url":"https:\/\/luminos.com.mx\/blog\/politica-privacidad\/","og_site_name":"L\u00faminos Marketing","article_publisher":"https:\/\/www.facebook.com\/luminosmkt\/","article_modified_time":"2019-06-04T06:15:01+00:00","twitter_card":"summary_large_image","twitter_site":"@luminosmkt","twitter_misc":{"Tiempo de lectura":"6 minutos"},"schema":{"@context":"https:\/\/schema.org","@graph":[{"@type":"WebPage","@id":"https:\/\/luminos.com.mx\/blog\/politica-privacidad\/","url":"https:\/\/luminos.com.mx\/blog\/politica-privacidad\/","name":"Aviso de privacidad &#187; L\u00faminos Marketing","isPartOf":{"@id":"https:\/\/luminos.com.mx\/blog\/#website"},"datePublished":"2019-02-13T23:44:12+00:00","dateModified":"2019-06-04T06:15:01+00:00","breadcrumb":{"@id":"https:\/\/luminos.com.mx\/blog\/politica-privacidad\/#breadcrumb"},"inLanguage":"es","potentialAction":[{"@type":"ReadAction","target":["https:\/\/luminos.com.mx\/blog\/politica-privacidad\/"]}]},{"@type":"BreadcrumbList","@id":"https:\/\/luminos.com.mx\/blog\/politica-privacidad\/#breadcrumb","itemListElement":[{"@type":"ListItem","position":1,"name":"Inicio","item":"https:\/\/luminos.com.mx\/blog\/"},{"@type":"ListItem","position":2,"name":"Aviso de privacidad"}]},{"@type":"WebSite","@id":"https:\/\/luminos.com.mx\/blog\/#website","url":"https:\/\/luminos.com.mx\/blog\/","name":"L\u00faminos Marketing","description":"Soluciones Integrales de Mercadotecnia","publisher":{"@id":"https:\/\/luminos.com.mx\/blog\/#organization"},"potentialAction":[{"@type":"SearchAction","target":{"@type":"EntryPoint","urlTemplate":"https:\/\/luminos.com.mx\/blog\/?s={search_term_string}"},"query-input":{"@type":"PropertyValueSpecification","valueRequired":true,"valueName":"search_term_string"}}],"inLanguage":"es"},{"@type":"Organization","@id":"https:\/\/luminos.com.mx\/blog\/#organization","name":"L\u00faminos Marketing","url":"https:\/\/luminos.com.mx\/blog\/","logo":{"@type":"ImageObject","inLanguage":"es","@id":"https:\/\/luminos.com.mx\/blog\/#\/schema\/logo\/image\/","url":"https:\/\/luminos.com.mx\/blog\/wp-content\/uploads\/2021\/01\/cropped-favicon.png","contentUrl":"https:\/\/luminos.com.mx\/blog\/wp-content\/uploads\/2021\/01\/cropped-favicon.png","width":219,"height":362,"caption":"L\u00faminos Marketing"},"image":{"@id":"https:\/\/luminos.com.mx\/blog\/#\/schema\/logo\/image\/"},"sameAs":["https:\/\/www.facebook.com\/luminosmkt\/","https:\/\/x.com\/luminosmkt","https:\/\/www.behance.net\/lminosmarketing","https:\/\/www.instagram.com\/luminos_marketing\/","https:\/\/www.linkedin.com\/company\/1719714\/admin\/feed\/posts\/","https:\/\/www.youtube.com\/channel\/UCB8El1racggeAmP8QffTWqg"]}]}},"_links":{"self":[{"href":"https:\/\/luminos.com.mx\/blog\/wp-json\/wp\/v2\/pages\/3","targetHints":{"allow":["GET"]}}],"collection":[{"href":"https:\/\/luminos.com.mx\/blog\/wp-json\/wp\/v2\/pages"}],"about":[{"href":"https:\/\/luminos.com.mx\/blog\/wp-json\/wp\/v2\/types\/page"}],"author":[{"embeddable":true,"href":"https:\/\/luminos.com.mx\/blog\/wp-json\/wp\/v2\/users\/1"}],"replies":[{"embeddable":true,"href":"https:\/\/luminos.com.mx\/blog\/wp-json\/wp\/v2\/comments?post=3"}],"version-history":[{"count":2,"href":"https:\/\/luminos.com.mx\/blog\/wp-json\/wp\/v2\/pages\/3\/revisions"}],"predecessor-version":[{"id":2401,"href":"https:\/\/luminos.com.mx\/blog\/wp-json\/wp\/v2\/pages\/3\/revisions\/2401"}],"wp:attachment":[{"href":"https:\/\/luminos.com.mx\/blog\/wp-json\/wp\/v2\/media?parent=3"}],"curies":[{"name":"wp","href":"https:\/\/api.w.org\/{rel}","templated":true}]}}