{"id":2594,"date":"2020-01-10T18:15:27","date_gmt":"2020-01-10T18:15:27","guid":{"rendered":"http:\/\/luminos.com.mx\/marketing\/?page_id=2594"},"modified":"2020-01-10T18:15:27","modified_gmt":"2020-01-10T18:15:27","slug":"como-configurar-cuentas-de-correo-en-outlook-pop3","status":"publish","type":"page","link":"https:\/\/luminos.com.mx\/blog\/como-configurar-cuentas-de-correo-en-outlook-pop3\/","title":{"rendered":"C\u00f3mo configurar cuentas de correo en Outlook POP3"},"content":{"rendered":"<p>[vc_row][vc_column][vc_column_text]<\/p>\n<table class=\"containercontenttable\" border=\"0\" width=\"100%\" cellspacing=\"0\" cellpadding=\"0\">\n<tbody>\n<tr>\n<td colspan=\"2\" valign=\"top\"><\/td>\n<\/tr>\n<tr>\n<td class=\"kbcontents\" colspan=\"2\">En este tutorial se asume que ya est\u00e1s dentro del programa Outlook en tu equipo.<\/p>\n<p>En las capturas de pantalla de ejemplo colocamos un usuario de prueba, sustituye estos datos por los de la cuenta de correo que deseas configurar.<\/p>\n<p><strong>1.\u00a0<\/strong>En el men\u00fa coloca el puntero sobre Archivo, \u00a0selecciona Informaci\u00f3n y da clic en\u00a0<strong><em>Agregar cuenta.<\/em><\/strong><\/p>\n<p><strong><br \/>\n<img loading=\"lazy\" decoding=\"async\" src=\"https:\/\/neubox.com\/images\/soporte-upload\/email\/outlook\/pop3\/outlookpaso1.png\" alt=\"\" width=\"739\" height=\"463\" \/><br \/>\n<\/strong><\/p>\n<p><strong>2.\u00a0<\/strong>Selecciona Configurar manualmente y da clic en\u00a0<em><strong>Siguiente<\/strong><\/em>.<\/p>\n<p><strong><img loading=\"lazy\" decoding=\"async\" src=\"https:\/\/neubox.com\/images\/soporte-upload\/email\/outlook\/pop3\/outlookpaso2.png\" alt=\"\" width=\"716\" height=\"488\" \/>\u00a0<\/strong><\/p>\n<p><strong>3.<\/strong>\u00a0Elige la opci\u00f3n de\u00a0<strong><em>Correo electr\u00f3nico de Internet.<\/em><\/strong><\/p>\n<p><strong><em><img loading=\"lazy\" decoding=\"async\" src=\"https:\/\/neubox.com\/images\/soporte-upload\/email\/outlook\/pop3\/outlookpaso3.png\" alt=\"\" width=\"717\" height=\"492\" \/><\/em><\/strong><\/p>\n<p><strong>4.<\/strong>\u00a0Ingresa la informaci\u00f3n referente \u00a0a la cuenta de correo de la siguiente manera:<\/p>\n<p>&nbsp;<\/p>\n<p><strong>Servidor de correo entrante:<\/strong>\u00a0mail.miprimersitio.com<\/p>\n<p><strong>Servidor de correo Saliente (SMTP):<\/strong>\u00a0mail.miprimersitio.com<\/p>\n<p><strong>Reemplaza miprimersitio.com por el dominio asociado a tu plan de hospedaje<\/strong><\/p>\n<p>Ingresa el nombre de usuario y contrase\u00f1a de la cuenta de correo.<\/p>\n<p>Una vez que hayas llenado todos los campos selecciona\u00a0<strong><em>M\u00e1s configuraciones.<\/em><\/strong><\/p>\n<p><strong><img loading=\"lazy\" decoding=\"async\" src=\"https:\/\/neubox.com\/images\/soporte-upload\/email\/outlook\/pop3\/outlookpaso4.png\" alt=\"\" width=\"714\" height=\"492\" \/><\/strong><\/p>\n<p><strong>5.\u00a0<\/strong>Da clic en Servidor de Salida, marca la casilla de Mi servidor de salida (SMTP) requiere autenticaci\u00f3n y selecciona la opci\u00f3n de\u00a0<strong><em>Utilizar la misma configuraci\u00f3n que mi servidor de correo de entrada.<\/em><\/strong><\/p>\n<p><strong><img loading=\"lazy\" decoding=\"async\" src=\"https:\/\/neubox.com\/images\/soporte-upload\/email\/outlook\/pop3\/outlookpaso5.png\" alt=\"\" width=\"439\" height=\"476\" \/><\/strong><\/p>\n<p><strong><br \/>\n<\/strong><strong>6.<\/strong>\u00a0Selecciona la pesta\u00f1a de\u00a0<strong><em>Avanzadas<\/em><\/strong>, cambia el Servidor de Salida SMTP a\u00a0<em><strong>587<\/strong><\/em>.<\/p>\n<p><img loading=\"lazy\" decoding=\"async\" src=\"https:\/\/neubox.com\/images\/soporte-upload\/email\/outlook\/pop3\/outlookpaso6.png\" alt=\"\" width=\"437\" height=\"456\" \/><\/p>\n<p><strong>7.<\/strong>\u00a0Da clic en Aceptar.<b>\u00a0 \u00a0 \u00a0 \u00a0 \u00a0 \u00a0 \u00a0 \u00a0 \u00a0 \u00a0\u00a0<\/b><\/td>\n<\/tr>\n<\/tbody>\n<\/table>\n<p>[\/vc_column_text][\/vc_column][\/vc_row]<\/p>\n","protected":false},"excerpt":{"rendered":"<p>[vc_row][vc_column][vc_column_text] En este tutorial se asume que ya est\u00e1s dentro del programa Outlook en tu equipo. En las capturas de pantalla de ejemplo colocamos un usuario de prueba, sustituye estos datos por los de la cuenta de correo que deseas configurar. 1.\u00a0En el men\u00fa coloca el puntero sobre Archivo, \u00a0selecciona Informaci\u00f3n y da clic en\u00a0Agregar [&hellip;]<\/p>\n","protected":false},"author":1,"featured_media":0,"parent":0,"menu_order":0,"comment_status":"closed","ping_status":"closed","template":"","meta":{"content-type":"","footnotes":""},"class_list":["post-2594","page","type-page","status-publish","hentry"],"yoast_head":"<!-- This site is optimized with the Yoast SEO plugin v25.9 - https:\/\/yoast.com\/wordpress\/plugins\/seo\/ -->\n<title>C\u00f3mo configurar cuentas de correo en Outlook POP3 &#187; L\u00faminos Marketing<\/title>\n<meta name=\"robots\" content=\"index, follow, max-snippet:-1, max-image-preview:large, max-video-preview:-1\" \/>\n<link rel=\"canonical\" href=\"https:\/\/luminos.com.mx\/blog\/como-configurar-cuentas-de-correo-en-outlook-pop3\/\" \/>\n<meta property=\"og:locale\" content=\"es_MX\" \/>\n<meta property=\"og:type\" content=\"article\" \/>\n<meta property=\"og:title\" content=\"C\u00f3mo configurar cuentas de correo en Outlook POP3 &#187; L\u00faminos Marketing\" \/>\n<meta property=\"og:description\" content=\"[vc_row][vc_column][vc_column_text] En este tutorial se asume que ya est\u00e1s dentro del programa Outlook en tu equipo. En las capturas de pantalla de ejemplo colocamos un usuario de prueba, sustituye estos datos por los de la cuenta de correo que deseas configurar. 1.\u00a0En el men\u00fa coloca el puntero sobre Archivo, \u00a0selecciona Informaci\u00f3n y da clic en\u00a0Agregar [&hellip;]\" \/>\n<meta property=\"og:url\" content=\"https:\/\/luminos.com.mx\/blog\/como-configurar-cuentas-de-correo-en-outlook-pop3\/\" \/>\n<meta property=\"og:site_name\" content=\"L\u00faminos Marketing\" \/>\n<meta property=\"article:publisher\" content=\"https:\/\/www.facebook.com\/luminosmkt\/\" \/>\n<meta property=\"og:image\" content=\"https:\/\/neubox.com\/images\/soporte-upload\/email\/outlook\/pop3\/outlookpaso1.png\" \/>\n<meta name=\"twitter:card\" content=\"summary_large_image\" \/>\n<meta name=\"twitter:site\" content=\"@luminosmkt\" \/>\n<meta name=\"twitter:label1\" content=\"Tiempo de lectura\" \/>\n\t<meta name=\"twitter:data1\" content=\"1 minuto\" \/>\n<script type=\"application\/ld+json\" class=\"yoast-schema-graph\">{\"@context\":\"https:\/\/schema.org\",\"@graph\":[{\"@type\":\"WebPage\",\"@id\":\"https:\/\/luminos.com.mx\/blog\/como-configurar-cuentas-de-correo-en-outlook-pop3\/\",\"url\":\"https:\/\/luminos.com.mx\/blog\/como-configurar-cuentas-de-correo-en-outlook-pop3\/\",\"name\":\"C\u00f3mo configurar cuentas de correo en Outlook POP3 &#187; L\u00faminos Marketing\",\"isPartOf\":{\"@id\":\"https:\/\/luminos.com.mx\/blog\/#website\"},\"primaryImageOfPage\":{\"@id\":\"https:\/\/luminos.com.mx\/blog\/como-configurar-cuentas-de-correo-en-outlook-pop3\/#primaryimage\"},\"image\":{\"@id\":\"https:\/\/luminos.com.mx\/blog\/como-configurar-cuentas-de-correo-en-outlook-pop3\/#primaryimage\"},\"thumbnailUrl\":\"https:\/\/neubox.com\/images\/soporte-upload\/email\/outlook\/pop3\/outlookpaso1.png\",\"datePublished\":\"2020-01-10T18:15:27+00:00\",\"breadcrumb\":{\"@id\":\"https:\/\/luminos.com.mx\/blog\/como-configurar-cuentas-de-correo-en-outlook-pop3\/#breadcrumb\"},\"inLanguage\":\"es\",\"potentialAction\":[{\"@type\":\"ReadAction\",\"target\":[\"https:\/\/luminos.com.mx\/blog\/como-configurar-cuentas-de-correo-en-outlook-pop3\/\"]}]},{\"@type\":\"ImageObject\",\"inLanguage\":\"es\",\"@id\":\"https:\/\/luminos.com.mx\/blog\/como-configurar-cuentas-de-correo-en-outlook-pop3\/#primaryimage\",\"url\":\"https:\/\/neubox.com\/images\/soporte-upload\/email\/outlook\/pop3\/outlookpaso1.png\",\"contentUrl\":\"https:\/\/neubox.com\/images\/soporte-upload\/email\/outlook\/pop3\/outlookpaso1.png\"},{\"@type\":\"BreadcrumbList\",\"@id\":\"https:\/\/luminos.com.mx\/blog\/como-configurar-cuentas-de-correo-en-outlook-pop3\/#breadcrumb\",\"itemListElement\":[{\"@type\":\"ListItem\",\"position\":1,\"name\":\"Inicio\",\"item\":\"https:\/\/luminos.com.mx\/blog\/\"},{\"@type\":\"ListItem\",\"position\":2,\"name\":\"C\u00f3mo configurar cuentas de correo en Outlook POP3\"}]},{\"@type\":\"WebSite\",\"@id\":\"https:\/\/luminos.com.mx\/blog\/#website\",\"url\":\"https:\/\/luminos.com.mx\/blog\/\",\"name\":\"L\u00faminos Marketing\",\"description\":\"Soluciones Integrales de Mercadotecnia\",\"publisher\":{\"@id\":\"https:\/\/luminos.com.mx\/blog\/#organization\"},\"potentialAction\":[{\"@type\":\"SearchAction\",\"target\":{\"@type\":\"EntryPoint\",\"urlTemplate\":\"https:\/\/luminos.com.mx\/blog\/?s={search_term_string}\"},\"query-input\":{\"@type\":\"PropertyValueSpecification\",\"valueRequired\":true,\"valueName\":\"search_term_string\"}}],\"inLanguage\":\"es\"},{\"@type\":\"Organization\",\"@id\":\"https:\/\/luminos.com.mx\/blog\/#organization\",\"name\":\"L\u00faminos Marketing\",\"url\":\"https:\/\/luminos.com.mx\/blog\/\",\"logo\":{\"@type\":\"ImageObject\",\"inLanguage\":\"es\",\"@id\":\"https:\/\/luminos.com.mx\/blog\/#\/schema\/logo\/image\/\",\"url\":\"https:\/\/luminos.com.mx\/blog\/wp-content\/uploads\/2021\/01\/cropped-favicon.png\",\"contentUrl\":\"https:\/\/luminos.com.mx\/blog\/wp-content\/uploads\/2021\/01\/cropped-favicon.png\",\"width\":219,\"height\":362,\"caption\":\"L\u00faminos Marketing\"},\"image\":{\"@id\":\"https:\/\/luminos.com.mx\/blog\/#\/schema\/logo\/image\/\"},\"sameAs\":[\"https:\/\/www.facebook.com\/luminosmkt\/\",\"https:\/\/x.com\/luminosmkt\",\"https:\/\/www.behance.net\/lminosmarketing\",\"https:\/\/www.instagram.com\/luminos_marketing\/\",\"https:\/\/www.linkedin.com\/company\/1719714\/admin\/feed\/posts\/\",\"https:\/\/www.youtube.com\/channel\/UCB8El1racggeAmP8QffTWqg\"]}]}<\/script>\n<!-- \/ Yoast SEO plugin. -->","yoast_head_json":{"title":"C\u00f3mo configurar cuentas de correo en Outlook POP3 &#187; L\u00faminos Marketing","robots":{"index":"index","follow":"follow","max-snippet":"max-snippet:-1","max-image-preview":"max-image-preview:large","max-video-preview":"max-video-preview:-1"},"canonical":"https:\/\/luminos.com.mx\/blog\/como-configurar-cuentas-de-correo-en-outlook-pop3\/","og_locale":"es_MX","og_type":"article","og_title":"C\u00f3mo configurar cuentas de correo en Outlook POP3 &#187; L\u00faminos Marketing","og_description":"[vc_row][vc_column][vc_column_text] En este tutorial se asume que ya est\u00e1s dentro del programa Outlook en tu equipo. En las capturas de pantalla de ejemplo colocamos un usuario de prueba, sustituye estos datos por los de la cuenta de correo que deseas configurar. 1.\u00a0En el men\u00fa coloca el puntero sobre Archivo, \u00a0selecciona Informaci\u00f3n y da clic en\u00a0Agregar [&hellip;]","og_url":"https:\/\/luminos.com.mx\/blog\/como-configurar-cuentas-de-correo-en-outlook-pop3\/","og_site_name":"L\u00faminos Marketing","article_publisher":"https:\/\/www.facebook.com\/luminosmkt\/","og_image":[{"url":"https:\/\/neubox.com\/images\/soporte-upload\/email\/outlook\/pop3\/outlookpaso1.png","type":"","width":"","height":""}],"twitter_card":"summary_large_image","twitter_site":"@luminosmkt","twitter_misc":{"Tiempo de lectura":"1 minuto"},"schema":{"@context":"https:\/\/schema.org","@graph":[{"@type":"WebPage","@id":"https:\/\/luminos.com.mx\/blog\/como-configurar-cuentas-de-correo-en-outlook-pop3\/","url":"https:\/\/luminos.com.mx\/blog\/como-configurar-cuentas-de-correo-en-outlook-pop3\/","name":"C\u00f3mo configurar cuentas de correo en Outlook POP3 &#187; L\u00faminos Marketing","isPartOf":{"@id":"https:\/\/luminos.com.mx\/blog\/#website"},"primaryImageOfPage":{"@id":"https:\/\/luminos.com.mx\/blog\/como-configurar-cuentas-de-correo-en-outlook-pop3\/#primaryimage"},"image":{"@id":"https:\/\/luminos.com.mx\/blog\/como-configurar-cuentas-de-correo-en-outlook-pop3\/#primaryimage"},"thumbnailUrl":"https:\/\/neubox.com\/images\/soporte-upload\/email\/outlook\/pop3\/outlookpaso1.png","datePublished":"2020-01-10T18:15:27+00:00","breadcrumb":{"@id":"https:\/\/luminos.com.mx\/blog\/como-configurar-cuentas-de-correo-en-outlook-pop3\/#breadcrumb"},"inLanguage":"es","potentialAction":[{"@type":"ReadAction","target":["https:\/\/luminos.com.mx\/blog\/como-configurar-cuentas-de-correo-en-outlook-pop3\/"]}]},{"@type":"ImageObject","inLanguage":"es","@id":"https:\/\/luminos.com.mx\/blog\/como-configurar-cuentas-de-correo-en-outlook-pop3\/#primaryimage","url":"https:\/\/neubox.com\/images\/soporte-upload\/email\/outlook\/pop3\/outlookpaso1.png","contentUrl":"https:\/\/neubox.com\/images\/soporte-upload\/email\/outlook\/pop3\/outlookpaso1.png"},{"@type":"BreadcrumbList","@id":"https:\/\/luminos.com.mx\/blog\/como-configurar-cuentas-de-correo-en-outlook-pop3\/#breadcrumb","itemListElement":[{"@type":"ListItem","position":1,"name":"Inicio","item":"https:\/\/luminos.com.mx\/blog\/"},{"@type":"ListItem","position":2,"name":"C\u00f3mo configurar cuentas de correo en Outlook POP3"}]},{"@type":"WebSite","@id":"https:\/\/luminos.com.mx\/blog\/#website","url":"https:\/\/luminos.com.mx\/blog\/","name":"L\u00faminos Marketing","description":"Soluciones Integrales de Mercadotecnia","publisher":{"@id":"https:\/\/luminos.com.mx\/blog\/#organization"},"potentialAction":[{"@type":"SearchAction","target":{"@type":"EntryPoint","urlTemplate":"https:\/\/luminos.com.mx\/blog\/?s={search_term_string}"},"query-input":{"@type":"PropertyValueSpecification","valueRequired":true,"valueName":"search_term_string"}}],"inLanguage":"es"},{"@type":"Organization","@id":"https:\/\/luminos.com.mx\/blog\/#organization","name":"L\u00faminos Marketing","url":"https:\/\/luminos.com.mx\/blog\/","logo":{"@type":"ImageObject","inLanguage":"es","@id":"https:\/\/luminos.com.mx\/blog\/#\/schema\/logo\/image\/","url":"https:\/\/luminos.com.mx\/blog\/wp-content\/uploads\/2021\/01\/cropped-favicon.png","contentUrl":"https:\/\/luminos.com.mx\/blog\/wp-content\/uploads\/2021\/01\/cropped-favicon.png","width":219,"height":362,"caption":"L\u00faminos Marketing"},"image":{"@id":"https:\/\/luminos.com.mx\/blog\/#\/schema\/logo\/image\/"},"sameAs":["https:\/\/www.facebook.com\/luminosmkt\/","https:\/\/x.com\/luminosmkt","https:\/\/www.behance.net\/lminosmarketing","https:\/\/www.instagram.com\/luminos_marketing\/","https:\/\/www.linkedin.com\/company\/1719714\/admin\/feed\/posts\/","https:\/\/www.youtube.com\/channel\/UCB8El1racggeAmP8QffTWqg"]}]}},"_links":{"self":[{"href":"https:\/\/luminos.com.mx\/blog\/wp-json\/wp\/v2\/pages\/2594","targetHints":{"allow":["GET"]}}],"collection":[{"href":"https:\/\/luminos.com.mx\/blog\/wp-json\/wp\/v2\/pages"}],"about":[{"href":"https:\/\/luminos.com.mx\/blog\/wp-json\/wp\/v2\/types\/page"}],"author":[{"embeddable":true,"href":"https:\/\/luminos.com.mx\/blog\/wp-json\/wp\/v2\/users\/1"}],"replies":[{"embeddable":true,"href":"https:\/\/luminos.com.mx\/blog\/wp-json\/wp\/v2\/comments?post=2594"}],"version-history":[{"count":1,"href":"https:\/\/luminos.com.mx\/blog\/wp-json\/wp\/v2\/pages\/2594\/revisions"}],"predecessor-version":[{"id":2595,"href":"https:\/\/luminos.com.mx\/blog\/wp-json\/wp\/v2\/pages\/2594\/revisions\/2595"}],"wp:attachment":[{"href":"https:\/\/luminos.com.mx\/blog\/wp-json\/wp\/v2\/media?parent=2594"}],"curies":[{"name":"wp","href":"https:\/\/api.w.org\/{rel}","templated":true}]}}