{"id":2256,"date":"2019-03-14T00:37:22","date_gmt":"2019-03-14T00:37:22","guid":{"rendered":"http:\/\/luminos.com.mx\/marketing\/?page_id=2256"},"modified":"2023-11-16T00:33:56","modified_gmt":"2023-11-16T00:33:56","slug":"contacto","status":"publish","type":"page","link":"https:\/\/luminos.com.mx\/blog\/contacto\/","title":{"rendered":"CONTACTO"},"content":{"rendered":"<p>[vc_row full_width=&#8221;stretch_row&#8221; el_id=&#8221;contacto&#8221;][vc_column css=&#8221;.vc_custom_1540527888195{padding-top: 120px !important;padding-bottom: 120px !important;}&#8221;][vc_row_inner content_placement=&#8221;middle&#8221; css=&#8221;.vc_custom_1540527908144{padding-top: 110px !important;}&#8221;][vc_column_inner width=&#8221;1\/2&#8243; ct_column_inner_class=&#8221;rm-padding-lg&#8221; css=&#8221;.vc_custom_1541254477998{padding-top: 40px !important;padding-right: 140px !important;padding-bottom: 40px !important;}&#8221; animation_column=&#8221;fadeInLeft&#8221;][ct_heading text=&#8221;Llevemos tu negocio<br \/>\n<cite>al siguiente nivel<\/cite>&#8221; align_lg=&#8221;align-center&#8221; align_md=&#8221;align-center-md&#8221; align_sm=&#8221;align-center-sm&#8221; align_xs=&#8221;align-center-xs&#8221; font_size_md=&#8221;36&#8243; font_size_sm=&#8221;32&#8243; font_size_xs=&#8221;32&#8243; font_weight=&#8221;&#8221; subtitle=&#8221;VENDE M\u00c1S&#8221;][vc_empty_space height=&#8221;86px&#8221;][ct_heading text=&#8221;Av Manuel J. Clouthier No 1157-A, Fracc. Tangamanga, 78269 <cite>San Luis Potos\u00ed, M\u00e9xico<\/cite>&#8221; font_size=&#8221;32&#8243; font_size_md=&#8221;32&#8243; font_size_sm=&#8221;32&#8243; font_size_xs=&#8221;32&#8243; font_weight=&#8221;&#8221; margin_bottom=&#8221;18&#8243;][vc_empty_space height=&#8221;86px&#8221;][vc_raw_html css=&#8221;.vc_custom_1551740888525{margin-bottom: 18px !important;}&#8221;]JTNDZGl2JTIwY2xhc3MlM0QlMjJjb250YWN0LWluZm8lMjIlM0UlMEElMjAlMjAlMjAlMjAlM0NzcGFuJTNFRW1haWwlM0ElM0MlMkZzcGFuJTNFJTIwc29sdWNpb25lcyU0MGx1bWlub3MuY29tLm14JTNDYnIlM0UlMjAlMEElMjAlMjAlMjAlMjAlM0NzcGFuJTNFVGVsJUMzJUE5Zm9ubyUzQSUzQyUyRnNwYW4lM0UlMjAwMSUyMCUyODQ0NCUyOSUyMDgxMSUyMDc3JTIwODUlMEElM0MlMkZkaXYlM0U=[\/vc_raw_html][vc_column_text css=&#8221;.vc_custom_1550856091438{margin-bottom: 0px !important;}&#8221; el_class=&#8221;ft-heebo&#8221;]Queremos contribuir con tu \u00e9xito.[\/vc_column_text][\/vc_column_inner][vc_column_inner width=&#8221;1\/2&#8243; animation_column=&#8221;fadeInRight&#8221;][ct_heading text=&#8221;<cite>sin costo<\/cite>&#8221; align_lg=&#8221;align-center&#8221; align_md=&#8221;align-center-md&#8221; align_sm=&#8221;align-center-sm&#8221; align_xs=&#8221;align-center-xs&#8221; font_size_md=&#8221;36&#8243; font_size_sm=&#8221;32&#8243; font_size_xs=&#8221;32&#8243; font_weight=&#8221;&#8221; subtitle=&#8221;LLENA EL SIGUIENTE FORMULARIO Y AGENDA UN DIAGN\u00d3STICO&#8221;][ct_contact_form id=&#8221;5&#8243;][\/vc_column_inner][\/vc_row_inner][ct_client_carousel client_item=&#8221;%5B%7B%22image%22%3A%222232%22%2C%22link%22%3A%22url%3A%2523%7C%7C%7C%22%7D%2C%7B%22image%22%3A%222221%22%2C%22link%22%3A%22url%3A%2523%7C%7C%7C%22%7D%2C%7B%22image%22%3A%222222%22%2C%22link%22%3A%22url%3A%2523%7C%7C%7C%22%7D%2C%7B%22image%22%3A%222223%22%2C%22link%22%3A%22url%3A%2523%7C%7C%7C%22%7D%2C%7B%22image%22%3A%222224%22%2C%22link%22%3A%22url%3A%2523%7C%7C%7C%22%7D%2C%7B%22image%22%3A%222225%22%2C%22link%22%3A%22url%3A%2523%7C%7C%7C%22%7D%2C%7B%22image%22%3A%222226%22%2C%22link%22%3A%22url%3A%2523%7C%7C%7C%22%7D%2C%7B%22image%22%3A%222227%22%2C%22link%22%3A%22url%3A%2523%7C%7C%7C%22%7D%2C%7B%22image%22%3A%222228%22%2C%22link%22%3A%22url%3A%2523%7C%7C%7C%22%7D%2C%7B%22image%22%3A%222229%22%2C%22link%22%3A%22url%3A%2523%7C%7C%7C%22%7D%2C%7B%22image%22%3A%222230%22%2C%22link%22%3A%22url%3A%2523%7C%7C%7C%22%7D%2C%7B%22image%22%3A%222231%22%2C%22link%22%3A%22url%3A%2523%7C%7C%7C%22%7D%2C%7B%22image%22%3A%222233%22%2C%22link%22%3A%22url%3A%2523%7C%7C%7C%22%7D%2C%7B%22image%22%3A%222234%22%2C%22link%22%3A%22url%3A%2523%7C%7C%7C%22%7D%2C%7B%22image%22%3A%222235%22%2C%22link%22%3A%22url%3A%2523%7C%7C%7C%22%7D%2C%7B%22image%22%3A%222236%22%2C%22link%22%3A%22url%3A%2523%7C%7C%7C%22%7D%2C%7B%22image%22%3A%222237%22%2C%22link%22%3A%22url%3A%2523%7C%7C%7C%22%7D%2C%7B%22image%22%3A%222238%22%2C%22link%22%3A%22url%3A%2523%7C%7C%7C%22%7D%2C%7B%22image%22%3A%222239%22%2C%22link%22%3A%22url%3A%2523%7C%7C%7C%22%7D%2C%7B%22image%22%3A%222240%22%2C%22link%22%3A%22url%3A%2523%7C%7C%7C%22%7D%2C%7B%22image%22%3A%222241%22%2C%22link%22%3A%22url%3A%2523%7C%7C%7C%22%7D%2C%7B%22image%22%3A%222242%22%7D%2C%7B%22image%22%3A%226%22%7D%5D&#8221; col_xs=&#8221;2&#8243; col_sm=&#8221;4&#8243; col_md=&#8221;4&#8243; col_lg=&#8221;4&#8243; loop=&#8221;true&#8221; autoplay=&#8221;true&#8221; autoplay_timeout=&#8221;1500&#8243; smart_speed=&#8221;250&#8243; center=&#8221;true&#8221; arrows=&#8221;true&#8221;][\/vc_column][\/vc_row][vc_row full_width=&#8221;stretch_row_content_no_spaces&#8221;][vc_column css=&#8221;.vc_custom_1539832139526{padding-top: 0px !important;}&#8221;][vc_raw_html]JTNDaWZyYW1lJTIwc3JjJTNEJTIyaHR0cHMlM0ElMkYlMkZ3d3cuZ29vZ2xlLmNvbSUyRm1hcHMlMkZlbWJlZCUzRnBiJTNEJTIxMW0xNCUyMTFtOCUyMTFtMyUyMTFkMTQ3ODIuMTk2NTk0MjM4NTM2JTIxMmQtMTAwLjk5ODM4MTYlMjEzZDIyLjE0MzE1OTIlMjEzbTIlMjExaTEwMjQlMjEyaTc2OCUyMTRmMTMuMSUyMTNtMyUyMTFtMiUyMTFzMHgwJTI1M0EweDI1MWUxNjU4ZmZkMmM5YjglMjEyc0wlMjVDMyUyNUJBbWlub3MlMkJNYXJrZXRpbmclMjE1ZTAlMjEzbTIlMjExc2VzLTQxOSUyMTJzbXglMjE0djE1NTYxMjk5ODI1MDMlMjE1bTIlMjExc2VzLTQxOSUyMTJzbXglMjIlMjB3aWR0aCUzRCUyMjEwMCUyNSUyMiUyMGhlaWdodCUzRCUyMjQ1MCUyMiUyMGZyYW1lYm9yZGVyJTNEJTIyMCUyMiUyMHN0eWxlJTNEJTIyYm9yZGVyJTNBMCUyMiUyMGFsbG93ZnVsbHNjcmVlbiUzRSUzQyUyRmlmcmFtZSUzRQ==[\/vc_raw_html][\/vc_column][\/vc_row]<\/p>\n","protected":false},"excerpt":{"rendered":"<p>[vc_row full_width=&#8221;stretch_row&#8221; el_id=&#8221;contacto&#8221;][vc_column css=&#8221;.vc_custom_1540527888195{padding-top: 120px !important;padding-bottom: 120px !important;}&#8221;][vc_row_inner content_placement=&#8221;middle&#8221; css=&#8221;.vc_custom_1540527908144{padding-top: 110px !important;}&#8221;][vc_column_inner width=&#8221;1\/2&#8243; ct_column_inner_class=&#8221;rm-padding-lg&#8221; css=&#8221;.vc_custom_1541254477998{padding-top: 40px !important;padding-right: 140px !important;padding-bottom: 40px !important;}&#8221; animation_column=&#8221;fadeInLeft&#8221;][ct_heading text=&#8221;Llevemos tu negocio al siguiente nivel&#8221; align_lg=&#8221;align-center&#8221; align_md=&#8221;align-center-md&#8221; align_sm=&#8221;align-center-sm&#8221; align_xs=&#8221;align-center-xs&#8221; font_size_md=&#8221;36&#8243; font_size_sm=&#8221;32&#8243; font_size_xs=&#8221;32&#8243; font_weight=&#8221;&#8221; subtitle=&#8221;VENDE M\u00c1S&#8221;][vc_empty_space height=&#8221;86px&#8221;][ct_heading text=&#8221;Av Manuel J. Clouthier No 1157-A, Fracc. Tangamanga, 78269 San Luis Potos\u00ed, M\u00e9xico&#8221; font_size=&#8221;32&#8243; font_size_md=&#8221;32&#8243; font_size_sm=&#8221;32&#8243; [&hellip;]<\/p>\n","protected":false},"author":1,"featured_media":0,"parent":0,"menu_order":0,"comment_status":"closed","ping_status":"closed","template":"","meta":{"content-type":"","footnotes":""},"class_list":["post-2256","page","type-page","status-publish","hentry"],"yoast_head":"<!-- This site is optimized with the Yoast SEO plugin v25.9 - https:\/\/yoast.com\/wordpress\/plugins\/seo\/ -->\n<title>CONTACTO &#187; L\u00faminos Marketing<\/title>\n<meta name=\"description\" content=\"Contacta con la agencia de marketing full service m\u00e1s fuerte del Baj\u00edo.\" \/>\n<meta name=\"robots\" content=\"index, follow, max-snippet:-1, max-image-preview:large, max-video-preview:-1\" \/>\n<link rel=\"canonical\" href=\"https:\/\/luminos.com.mx\/blog\/contacto\/\" \/>\n<meta property=\"og:locale\" content=\"es_MX\" \/>\n<meta property=\"og:type\" content=\"article\" \/>\n<meta property=\"og:title\" content=\"CONTACTO &#187; L\u00faminos Marketing\" \/>\n<meta property=\"og:description\" content=\"Contacta con la agencia de marketing full service m\u00e1s fuerte del Baj\u00edo.\" \/>\n<meta property=\"og:url\" content=\"https:\/\/luminos.com.mx\/blog\/contacto\/\" \/>\n<meta property=\"og:site_name\" content=\"L\u00faminos Marketing\" \/>\n<meta property=\"article:publisher\" content=\"https:\/\/www.facebook.com\/luminosmkt\/\" \/>\n<meta property=\"article:modified_time\" content=\"2023-11-16T00:33:56+00:00\" \/>\n<meta name=\"twitter:card\" content=\"summary_large_image\" \/>\n<meta name=\"twitter:site\" content=\"@luminosmkt\" \/>\n<meta name=\"twitter:label1\" content=\"Tiempo de lectura\" \/>\n\t<meta name=\"twitter:data1\" content=\"1 minuto\" \/>\n<script type=\"application\/ld+json\" class=\"yoast-schema-graph\">{\"@context\":\"https:\/\/schema.org\",\"@graph\":[{\"@type\":\"WebPage\",\"@id\":\"https:\/\/luminos.com.mx\/blog\/contacto\/\",\"url\":\"https:\/\/luminos.com.mx\/blog\/contacto\/\",\"name\":\"CONTACTO &#187; L\u00faminos Marketing\",\"isPartOf\":{\"@id\":\"https:\/\/luminos.com.mx\/blog\/#website\"},\"datePublished\":\"2019-03-14T00:37:22+00:00\",\"dateModified\":\"2023-11-16T00:33:56+00:00\",\"description\":\"Contacta con la agencia de marketing full service m\u00e1s fuerte del Baj\u00edo.\",\"breadcrumb\":{\"@id\":\"https:\/\/luminos.com.mx\/blog\/contacto\/#breadcrumb\"},\"inLanguage\":\"es\",\"potentialAction\":[{\"@type\":\"ReadAction\",\"target\":[\"https:\/\/luminos.com.mx\/blog\/contacto\/\"]}]},{\"@type\":\"BreadcrumbList\",\"@id\":\"https:\/\/luminos.com.mx\/blog\/contacto\/#breadcrumb\",\"itemListElement\":[{\"@type\":\"ListItem\",\"position\":1,\"name\":\"Inicio\",\"item\":\"https:\/\/luminos.com.mx\/blog\/\"},{\"@type\":\"ListItem\",\"position\":2,\"name\":\"CONTACTO\"}]},{\"@type\":\"WebSite\",\"@id\":\"https:\/\/luminos.com.mx\/blog\/#website\",\"url\":\"https:\/\/luminos.com.mx\/blog\/\",\"name\":\"L\u00faminos Marketing\",\"description\":\"Soluciones Integrales de Mercadotecnia\",\"publisher\":{\"@id\":\"https:\/\/luminos.com.mx\/blog\/#organization\"},\"potentialAction\":[{\"@type\":\"SearchAction\",\"target\":{\"@type\":\"EntryPoint\",\"urlTemplate\":\"https:\/\/luminos.com.mx\/blog\/?s={search_term_string}\"},\"query-input\":{\"@type\":\"PropertyValueSpecification\",\"valueRequired\":true,\"valueName\":\"search_term_string\"}}],\"inLanguage\":\"es\"},{\"@type\":\"Organization\",\"@id\":\"https:\/\/luminos.com.mx\/blog\/#organization\",\"name\":\"L\u00faminos Marketing\",\"url\":\"https:\/\/luminos.com.mx\/blog\/\",\"logo\":{\"@type\":\"ImageObject\",\"inLanguage\":\"es\",\"@id\":\"https:\/\/luminos.com.mx\/blog\/#\/schema\/logo\/image\/\",\"url\":\"https:\/\/luminos.com.mx\/blog\/wp-content\/uploads\/2021\/01\/cropped-favicon.png\",\"contentUrl\":\"https:\/\/luminos.com.mx\/blog\/wp-content\/uploads\/2021\/01\/cropped-favicon.png\",\"width\":219,\"height\":362,\"caption\":\"L\u00faminos Marketing\"},\"image\":{\"@id\":\"https:\/\/luminos.com.mx\/blog\/#\/schema\/logo\/image\/\"},\"sameAs\":[\"https:\/\/www.facebook.com\/luminosmkt\/\",\"https:\/\/x.com\/luminosmkt\",\"https:\/\/www.behance.net\/lminosmarketing\",\"https:\/\/www.instagram.com\/luminos_marketing\/\",\"https:\/\/www.linkedin.com\/company\/1719714\/admin\/feed\/posts\/\",\"https:\/\/www.youtube.com\/channel\/UCB8El1racggeAmP8QffTWqg\"]}]}<\/script>\n<!-- \/ Yoast SEO plugin. -->","yoast_head_json":{"title":"CONTACTO &#187; L\u00faminos Marketing","description":"Contacta con la agencia de marketing full service m\u00e1s fuerte del Baj\u00edo.","robots":{"index":"index","follow":"follow","max-snippet":"max-snippet:-1","max-image-preview":"max-image-preview:large","max-video-preview":"max-video-preview:-1"},"canonical":"https:\/\/luminos.com.mx\/blog\/contacto\/","og_locale":"es_MX","og_type":"article","og_title":"CONTACTO &#187; L\u00faminos Marketing","og_description":"Contacta con la agencia de marketing full service m\u00e1s fuerte del Baj\u00edo.","og_url":"https:\/\/luminos.com.mx\/blog\/contacto\/","og_site_name":"L\u00faminos Marketing","article_publisher":"https:\/\/www.facebook.com\/luminosmkt\/","article_modified_time":"2023-11-16T00:33:56+00:00","twitter_card":"summary_large_image","twitter_site":"@luminosmkt","twitter_misc":{"Tiempo de lectura":"1 minuto"},"schema":{"@context":"https:\/\/schema.org","@graph":[{"@type":"WebPage","@id":"https:\/\/luminos.com.mx\/blog\/contacto\/","url":"https:\/\/luminos.com.mx\/blog\/contacto\/","name":"CONTACTO &#187; L\u00faminos Marketing","isPartOf":{"@id":"https:\/\/luminos.com.mx\/blog\/#website"},"datePublished":"2019-03-14T00:37:22+00:00","dateModified":"2023-11-16T00:33:56+00:00","description":"Contacta con la agencia de marketing full service m\u00e1s fuerte del Baj\u00edo.","breadcrumb":{"@id":"https:\/\/luminos.com.mx\/blog\/contacto\/#breadcrumb"},"inLanguage":"es","potentialAction":[{"@type":"ReadAction","target":["https:\/\/luminos.com.mx\/blog\/contacto\/"]}]},{"@type":"BreadcrumbList","@id":"https:\/\/luminos.com.mx\/blog\/contacto\/#breadcrumb","itemListElement":[{"@type":"ListItem","position":1,"name":"Inicio","item":"https:\/\/luminos.com.mx\/blog\/"},{"@type":"ListItem","position":2,"name":"CONTACTO"}]},{"@type":"WebSite","@id":"https:\/\/luminos.com.mx\/blog\/#website","url":"https:\/\/luminos.com.mx\/blog\/","name":"L\u00faminos Marketing","description":"Soluciones Integrales de Mercadotecnia","publisher":{"@id":"https:\/\/luminos.com.mx\/blog\/#organization"},"potentialAction":[{"@type":"SearchAction","target":{"@type":"EntryPoint","urlTemplate":"https:\/\/luminos.com.mx\/blog\/?s={search_term_string}"},"query-input":{"@type":"PropertyValueSpecification","valueRequired":true,"valueName":"search_term_string"}}],"inLanguage":"es"},{"@type":"Organization","@id":"https:\/\/luminos.com.mx\/blog\/#organization","name":"L\u00faminos Marketing","url":"https:\/\/luminos.com.mx\/blog\/","logo":{"@type":"ImageObject","inLanguage":"es","@id":"https:\/\/luminos.com.mx\/blog\/#\/schema\/logo\/image\/","url":"https:\/\/luminos.com.mx\/blog\/wp-content\/uploads\/2021\/01\/cropped-favicon.png","contentUrl":"https:\/\/luminos.com.mx\/blog\/wp-content\/uploads\/2021\/01\/cropped-favicon.png","width":219,"height":362,"caption":"L\u00faminos Marketing"},"image":{"@id":"https:\/\/luminos.com.mx\/blog\/#\/schema\/logo\/image\/"},"sameAs":["https:\/\/www.facebook.com\/luminosmkt\/","https:\/\/x.com\/luminosmkt","https:\/\/www.behance.net\/lminosmarketing","https:\/\/www.instagram.com\/luminos_marketing\/","https:\/\/www.linkedin.com\/company\/1719714\/admin\/feed\/posts\/","https:\/\/www.youtube.com\/channel\/UCB8El1racggeAmP8QffTWqg"]}]}},"_links":{"self":[{"href":"https:\/\/luminos.com.mx\/blog\/wp-json\/wp\/v2\/pages\/2256","targetHints":{"allow":["GET"]}}],"collection":[{"href":"https:\/\/luminos.com.mx\/blog\/wp-json\/wp\/v2\/pages"}],"about":[{"href":"https:\/\/luminos.com.mx\/blog\/wp-json\/wp\/v2\/types\/page"}],"author":[{"embeddable":true,"href":"https:\/\/luminos.com.mx\/blog\/wp-json\/wp\/v2\/users\/1"}],"replies":[{"embeddable":true,"href":"https:\/\/luminos.com.mx\/blog\/wp-json\/wp\/v2\/comments?post=2256"}],"version-history":[{"count":10,"href":"https:\/\/luminos.com.mx\/blog\/wp-json\/wp\/v2\/pages\/2256\/revisions"}],"predecessor-version":[{"id":4360,"href":"https:\/\/luminos.com.mx\/blog\/wp-json\/wp\/v2\/pages\/2256\/revisions\/4360"}],"wp:attachment":[{"href":"https:\/\/luminos.com.mx\/blog\/wp-json\/wp\/v2\/media?parent=2256"}],"curies":[{"name":"wp","href":"https:\/\/api.w.org\/{rel}","templated":true}]}}